{"id":15365,"date":"2022-01-08T02:05:41","date_gmt":"2022-01-08T01:30:32","guid":{"rendered":"https:\/\/alepposhop.eu\/product\/lorbeerblaetter\/"},"modified":"2022-01-08T02:31:27","modified_gmt":"2022-01-08T01:31:27","slug":"lorbeerblaetter","status":"publish","type":"product","link":"https:\/\/alepposhop.eu\/de\/lorbeerblaetter\/","title":{"rendered":"Lorbeerbl\u00e4tter"},"content":{"rendered":"<p style=\"text-align: center;\">Getrocknete Buchtbl\u00e4tter werden verschiedenen Mahlzeiten als Aroma oder Gew\u00fcrz hinzugef\u00fcgt.<\/p>\n","protected":false},"excerpt":{"rendered":"<p>Buchtbl\u00e4tter, Gew\u00fcrze, Gew\u00fcrz, Kr\u00e4uter, getrocknet<\/p>\n","protected":false},"featured_media":15208,"template":"","meta":[],"product_brand":[],"product_cat":[70],"product_tag":[],"class_list":{"0":"post-15365","1":"product","2":"type-product","3":"status-publish","4":"has-post-thumbnail","6":"product_cat-krauter-und-ptisan","8":"first","9":"instock","10":"taxable","11":"shipping-taxable","12":"purchasable","13":"product-type-simple"},"_links":{"self":[{"href":"https:\/\/alepposhop.eu\/de\/wp-json\/wp\/v2\/product\/15365"}],"collection":[{"href":"https:\/\/alepposhop.eu\/de\/wp-json\/wp\/v2\/product"}],"about":[{"href":"https:\/\/alepposhop.eu\/de\/wp-json\/wp\/v2\/types\/product"}],"wp:featuredmedia":[{"embeddable":true,"href":"https:\/\/alepposhop.eu\/de\/wp-json\/wp\/v2\/media\/15208"}],"wp:attachment":[{"href":"https:\/\/alepposhop.eu\/de\/wp-json\/wp\/v2\/media?parent=15365"}],"wp:term":[{"taxonomy":"product_brand","embeddable":true,"href":"https:\/\/alepposhop.eu\/de\/wp-json\/wp\/v2\/product_brand?post=15365"},{"taxonomy":"product_cat","embeddable":true,"href":"https:\/\/alepposhop.eu\/de\/wp-json\/wp\/v2\/product_cat?post=15365"},{"taxonomy":"product_tag","embeddable":true,"href":"https:\/\/alepposhop.eu\/de\/wp-json\/wp\/v2\/product_tag?post=15365"}],"curies":[{"name":"wp","href":"https:\/\/api.w.org\/{rel}","templated":true}]}}