{"id":15369,"date":"2022-01-08T02:05:41","date_gmt":"2022-01-08T01:30:32","guid":{"rendered":"https:\/\/alepposhop.eu\/product\/gesalzener-geroesteter-mais\/"},"modified":"2025-02-01T22:37:33","modified_gmt":"2025-02-01T21:37:33","slug":"gesalzener-geroesteter-mais","status":"publish","type":"product","link":"https:\/\/alepposhop.eu\/de\/gesalzener-geroesteter-mais\/","title":{"rendered":"Ger\u00f6steter Mais (K\u00e4se)"},"content":{"rendered":"<p style=\"text-align: center\">Gewicht: 250 g<\/p>\n<p style=\"text-align: center\">Knusprig ger\u00f6stete und gesalzene Maisk\u00f6rner, gew\u00fcrzt mit K\u00e4sepulver.<\/p>\n","protected":false},"excerpt":{"rendered":"<p>Mais, ger\u00f6stet, gesalzen<\/p>\n","protected":false},"featured_media":15212,"template":"","meta":[],"product_brand":[],"product_cat":[71],"product_tag":[],"class_list":{"0":"post-15369","1":"product","2":"type-product","3":"status-publish","4":"has-post-thumbnail","6":"product_cat-nusse-und-samen","8":"first","9":"instock","10":"taxable","11":"shipping-taxable","12":"purchasable","13":"product-type-simple"},"_links":{"self":[{"href":"https:\/\/alepposhop.eu\/de\/wp-json\/wp\/v2\/product\/15369"}],"collection":[{"href":"https:\/\/alepposhop.eu\/de\/wp-json\/wp\/v2\/product"}],"about":[{"href":"https:\/\/alepposhop.eu\/de\/wp-json\/wp\/v2\/types\/product"}],"wp:featuredmedia":[{"embeddable":true,"href":"https:\/\/alepposhop.eu\/de\/wp-json\/wp\/v2\/media\/15212"}],"wp:attachment":[{"href":"https:\/\/alepposhop.eu\/de\/wp-json\/wp\/v2\/media?parent=15369"}],"wp:term":[{"taxonomy":"product_brand","embeddable":true,"href":"https:\/\/alepposhop.eu\/de\/wp-json\/wp\/v2\/product_brand?post=15369"},{"taxonomy":"product_cat","embeddable":true,"href":"https:\/\/alepposhop.eu\/de\/wp-json\/wp\/v2\/product_cat?post=15369"},{"taxonomy":"product_tag","embeddable":true,"href":"https:\/\/alepposhop.eu\/de\/wp-json\/wp\/v2\/product_tag?post=15369"}],"curies":[{"name":"wp","href":"https:\/\/api.w.org\/{rel}","templated":true}]}}