{"id":15373,"date":"2022-01-08T02:05:41","date_gmt":"2022-01-08T01:30:32","guid":{"rendered":"https:\/\/alepposhop.eu\/product\/laurel-seife-stueck\/"},"modified":"2022-01-08T02:31:36","modified_gmt":"2022-01-08T01:31:36","slug":"laurel-seife-stueck","status":"publish","type":"product","link":"https:\/\/alepposhop.eu\/de\/laurel-seife-stueck\/","title":{"rendered":"Laurel Seife (St\u00fcck)"},"content":{"rendered":"<p style=\"text-align: center;\">&#8220;Laurel Seife war in Syrien, insbesondere in der Stadt Aleppo, bekannt, da es die erste Stadt war, in der Lorbeer Seife gemacht wurde. Es besteht aus einem Baum namens Lorbeer. Lorbeer Seife besteht aus einer Gruppe von \u00d6len, deren Wesentliches Oliven\u00f6l ist, zus\u00e4tzlich zu schwarzen Samen\u00f6l, Palm\u00f6l, Kokosnuss\u00f6l und Baumwollsamen. Da Lorbeer-Seife keine der aromatischen Materialien oder hergestellten Farbstoffen enth\u00e4lt, und es gibt keine Chemikalien oder Industriesubstanzen, die die Haut und das Haar schaden.<\/p>\n","protected":false},"excerpt":{"rendered":"<p>Kosmetik, Hautpflege,<\/p>\n","protected":false},"featured_media":15216,"template":"","meta":[],"product_brand":[],"product_cat":[76],"product_tag":[],"class_list":{"0":"post-15373","1":"product","2":"type-product","3":"status-publish","4":"has-post-thumbnail","6":"product_cat-personliche-hygiene","8":"first","9":"instock","10":"taxable","11":"shipping-taxable","12":"purchasable","13":"product-type-simple"},"_links":{"self":[{"href":"https:\/\/alepposhop.eu\/de\/wp-json\/wp\/v2\/product\/15373"}],"collection":[{"href":"https:\/\/alepposhop.eu\/de\/wp-json\/wp\/v2\/product"}],"about":[{"href":"https:\/\/alepposhop.eu\/de\/wp-json\/wp\/v2\/types\/product"}],"wp:featuredmedia":[{"embeddable":true,"href":"https:\/\/alepposhop.eu\/de\/wp-json\/wp\/v2\/media\/15216"}],"wp:attachment":[{"href":"https:\/\/alepposhop.eu\/de\/wp-json\/wp\/v2\/media?parent=15373"}],"wp:term":[{"taxonomy":"product_brand","embeddable":true,"href":"https:\/\/alepposhop.eu\/de\/wp-json\/wp\/v2\/product_brand?post=15373"},{"taxonomy":"product_cat","embeddable":true,"href":"https:\/\/alepposhop.eu\/de\/wp-json\/wp\/v2\/product_cat?post=15373"},{"taxonomy":"product_tag","embeddable":true,"href":"https:\/\/alepposhop.eu\/de\/wp-json\/wp\/v2\/product_tag?post=15373"}],"curies":[{"name":"wp","href":"https:\/\/api.w.org\/{rel}","templated":true}]}}