{"id":15385,"date":"2022-01-08T02:05:41","date_gmt":"2022-01-08T01:30:32","guid":{"rendered":"https:\/\/alepposhop.eu\/product\/ground-bugshornkleek\/"},"modified":"2024-12-16T00:28:24","modified_gmt":"2024-12-15T23:28:24","slug":"ground-bugshornkleek","status":"publish","type":"product","link":"https:\/\/alepposhop.eu\/de\/ground-bugshornkleek\/","title":{"rendered":"Gemahlener Bockshornklee"},"content":{"rendered":"<p style=\"text-align: center\">Gewicht :100 gr.<\/p>\n<p style=\"text-align: center\">Bockshornklee hat viele Vorteile. Es wird als n\u00fctzliches Getr\u00e4nk oder beim Kochen und Zubereiten von Speisen wie dem ber\u00fchmten und k\u00f6stlichen Pastrami-Gericht verwendet.<\/p>\n<p style=\"text-align: center\">Es wird auch zur Herstellung einiger Medikamente verwendet<\/p>\n","protected":false},"excerpt":{"rendered":"<p>Bockreek &#8211; Ground Bugshornklee<\/p>\n","protected":false},"featured_media":15228,"template":"","meta":[],"product_brand":[],"product_cat":[69],"product_tag":[],"class_list":{"0":"post-15385","1":"product","2":"type-product","3":"status-publish","4":"has-post-thumbnail","6":"product_cat-gewurze-und-wurzen","8":"first","9":"instock","10":"taxable","11":"shipping-taxable","12":"purchasable","13":"product-type-simple"},"_links":{"self":[{"href":"https:\/\/alepposhop.eu\/de\/wp-json\/wp\/v2\/product\/15385"}],"collection":[{"href":"https:\/\/alepposhop.eu\/de\/wp-json\/wp\/v2\/product"}],"about":[{"href":"https:\/\/alepposhop.eu\/de\/wp-json\/wp\/v2\/types\/product"}],"wp:featuredmedia":[{"embeddable":true,"href":"https:\/\/alepposhop.eu\/de\/wp-json\/wp\/v2\/media\/15228"}],"wp:attachment":[{"href":"https:\/\/alepposhop.eu\/de\/wp-json\/wp\/v2\/media?parent=15385"}],"wp:term":[{"taxonomy":"product_brand","embeddable":true,"href":"https:\/\/alepposhop.eu\/de\/wp-json\/wp\/v2\/product_brand?post=15385"},{"taxonomy":"product_cat","embeddable":true,"href":"https:\/\/alepposhop.eu\/de\/wp-json\/wp\/v2\/product_cat?post=15385"},{"taxonomy":"product_tag","embeddable":true,"href":"https:\/\/alepposhop.eu\/de\/wp-json\/wp\/v2\/product_tag?post=15385"}],"curies":[{"name":"wp","href":"https:\/\/api.w.org\/{rel}","templated":true}]}}