{"id":15389,"date":"2022-01-08T02:05:41","date_gmt":"2022-01-08T01:30:32","guid":{"rendered":"https:\/\/alepposhop.eu\/product\/barzek\/"},"modified":"2022-01-08T02:31:54","modified_gmt":"2022-01-08T01:31:54","slug":"barzek","status":"publish","type":"product","link":"https:\/\/alepposhop.eu\/de\/barzek\/","title":{"rendered":"Barzek"},"content":{"rendered":"<p style=\"text-align: center;\">Al-Barzek ist s\u00fc\u00df syrischer Herkunft. Es gilt als einer der ber\u00fchmtesten arabischen S\u00fc\u00dfigkeiten. Sie sind rund, knackige St\u00fccke, die mit Sesam abgedeckt sind.<\/p>\n","protected":false},"excerpt":{"rendered":"<p>Baraziq, Barzek.<\/p>\n","protected":false},"featured_media":15232,"template":"","meta":[],"product_brand":[],"product_cat":[72],"product_tag":[],"class_list":{"0":"post-15389","1":"product","2":"type-product","3":"status-publish","4":"has-post-thumbnail","6":"product_cat-orientalische-susigkeiten","8":"first","9":"outofstock","10":"taxable","11":"shipping-taxable","12":"purchasable","13":"product-type-simple"},"_links":{"self":[{"href":"https:\/\/alepposhop.eu\/de\/wp-json\/wp\/v2\/product\/15389"}],"collection":[{"href":"https:\/\/alepposhop.eu\/de\/wp-json\/wp\/v2\/product"}],"about":[{"href":"https:\/\/alepposhop.eu\/de\/wp-json\/wp\/v2\/types\/product"}],"wp:featuredmedia":[{"embeddable":true,"href":"https:\/\/alepposhop.eu\/de\/wp-json\/wp\/v2\/media\/15232"}],"wp:attachment":[{"href":"https:\/\/alepposhop.eu\/de\/wp-json\/wp\/v2\/media?parent=15389"}],"wp:term":[{"taxonomy":"product_brand","embeddable":true,"href":"https:\/\/alepposhop.eu\/de\/wp-json\/wp\/v2\/product_brand?post=15389"},{"taxonomy":"product_cat","embeddable":true,"href":"https:\/\/alepposhop.eu\/de\/wp-json\/wp\/v2\/product_cat?post=15389"},{"taxonomy":"product_tag","embeddable":true,"href":"https:\/\/alepposhop.eu\/de\/wp-json\/wp\/v2\/product_tag?post=15389"}],"curies":[{"name":"wp","href":"https:\/\/api.w.org\/{rel}","templated":true}]}}