{"id":16144,"date":"2022-02-10T00:28:33","date_gmt":"2022-02-09T23:57:54","guid":{"rendered":"https:\/\/alepposhop.eu\/product\/extra-gemischte-gurken-gurke-wildgurke-karotten-gruene-mandel-turnip-blumenkohl-cashew-tomaten\/"},"modified":"2024-05-14T12:16:45","modified_gmt":"2024-05-14T10:16:45","slug":"extra-gemischte-gurken-gurke-wildgurke-karotten-gruene-mandel-turnip-blumenkohl-cashew-tomaten","status":"publish","type":"product","link":"https:\/\/alepposhop.eu\/de\/extra-gemischte-gurken-gurke-wildgurke-karotten-gruene-mandel-turnip-blumenkohl-cashew-tomaten\/","title":{"rendered":"Extra eingelegtes Gem\u00fcse (Gurke, Wildgurke, Karotten, gr\u00fcne Mandel, Turnip, Blumenkohl,Tomaten)"},"content":{"rendered":"<p style=\"text-align: center\">500 gr<\/p>\n<p style=\"text-align: center\">W\u00fcrzige eingelegtes Gem\u00fcse .<\/p>\n<p style=\"text-align: center\">Kein Zuhause ohne diese Beilage, mit der wir den Tisch dekorieren<\/p>\n<p style=\"text-align: center\">Es passt zu allen Mahlzeiten und ist eine der leckersten Vorspeisen<\/p>\n","protected":false},"excerpt":{"rendered":"<p>Gurken, Mischgurken, Gurken, wilde Gurken, zus\u00e4tzliche Gurken, Karotten, gr\u00fcne Mandeln, R\u00fcben, Blumenkohl, Cashews, Tomaten, extra, eingelegt.<\/p>\n","protected":false},"featured_media":15787,"template":"","meta":[],"product_brand":[],"product_cat":[68],"product_tag":[],"class_list":{"0":"post-16144","1":"product","2":"type-product","3":"status-publish","4":"has-post-thumbnail","6":"product_cat-lebensmittelversorgung","8":"first","9":"instock","10":"taxable","11":"shipping-taxable","12":"purchasable","13":"product-type-simple"},"_links":{"self":[{"href":"https:\/\/alepposhop.eu\/de\/wp-json\/wp\/v2\/product\/16144"}],"collection":[{"href":"https:\/\/alepposhop.eu\/de\/wp-json\/wp\/v2\/product"}],"about":[{"href":"https:\/\/alepposhop.eu\/de\/wp-json\/wp\/v2\/types\/product"}],"wp:featuredmedia":[{"embeddable":true,"href":"https:\/\/alepposhop.eu\/de\/wp-json\/wp\/v2\/media\/15787"}],"wp:attachment":[{"href":"https:\/\/alepposhop.eu\/de\/wp-json\/wp\/v2\/media?parent=16144"}],"wp:term":[{"taxonomy":"product_brand","embeddable":true,"href":"https:\/\/alepposhop.eu\/de\/wp-json\/wp\/v2\/product_brand?post=16144"},{"taxonomy":"product_cat","embeddable":true,"href":"https:\/\/alepposhop.eu\/de\/wp-json\/wp\/v2\/product_cat?post=16144"},{"taxonomy":"product_tag","embeddable":true,"href":"https:\/\/alepposhop.eu\/de\/wp-json\/wp\/v2\/product_tag?post=16144"}],"curies":[{"name":"wp","href":"https:\/\/api.w.org\/{rel}","templated":true}]}}