{"id":16160,"date":"2022-02-10T00:28:33","date_gmt":"2022-02-09T23:58:39","guid":{"rendered":"https:\/\/alepposhop.eu\/product\/kamille-kamelie\/"},"modified":"2022-02-10T00:58:45","modified_gmt":"2022-02-09T23:58:45","slug":"kamille-kamelie","status":"publish","type":"product","link":"https:\/\/alepposhop.eu\/de\/kamille-kamelie\/","title":{"rendered":"Kamille (Kamelie)"},"content":{"rendered":"<p style=\"text-align: center;\">Kamille ist eines der ber\u00fchmtesten Kr\u00e4uter, um viele Krankheiten zu kontrollieren und die Immunit\u00e4t zu steigern<\/p>\n","protected":false},"excerpt":{"rendered":"<p>Kamille, Kr\u00e4uter, Blumen, Tee<\/p>\n","protected":false},"featured_media":15803,"template":"","meta":[],"product_brand":[],"product_cat":[70],"product_tag":[],"class_list":{"0":"post-16160","1":"product","2":"type-product","3":"status-publish","4":"has-post-thumbnail","6":"product_cat-krauter-und-ptisan","8":"first","9":"instock","10":"taxable","11":"shipping-taxable","12":"purchasable","13":"product-type-simple"},"_links":{"self":[{"href":"https:\/\/alepposhop.eu\/de\/wp-json\/wp\/v2\/product\/16160"}],"collection":[{"href":"https:\/\/alepposhop.eu\/de\/wp-json\/wp\/v2\/product"}],"about":[{"href":"https:\/\/alepposhop.eu\/de\/wp-json\/wp\/v2\/types\/product"}],"wp:featuredmedia":[{"embeddable":true,"href":"https:\/\/alepposhop.eu\/de\/wp-json\/wp\/v2\/media\/15803"}],"wp:attachment":[{"href":"https:\/\/alepposhop.eu\/de\/wp-json\/wp\/v2\/media?parent=16160"}],"wp:term":[{"taxonomy":"product_brand","embeddable":true,"href":"https:\/\/alepposhop.eu\/de\/wp-json\/wp\/v2\/product_brand?post=16160"},{"taxonomy":"product_cat","embeddable":true,"href":"https:\/\/alepposhop.eu\/de\/wp-json\/wp\/v2\/product_cat?post=16160"},{"taxonomy":"product_tag","embeddable":true,"href":"https:\/\/alepposhop.eu\/de\/wp-json\/wp\/v2\/product_tag?post=16160"}],"curies":[{"name":"wp","href":"https:\/\/api.w.org\/{rel}","templated":true}]}}