{"id":16164,"date":"2022-02-10T00:28:33","date_gmt":"2022-02-09T23:58:39","guid":{"rendered":"https:\/\/alepposhop.eu\/product\/oliven-gefuelltes-gruenes-thymian\/"},"modified":"2024-11-20T01:55:40","modified_gmt":"2024-11-20T00:55:40","slug":"oliven-gefuelltes-gruenes-thymian","status":"publish","type":"product","link":"https:\/\/alepposhop.eu\/de\/oliven-gefuelltes-gruenes-thymian\/","title":{"rendered":"Oliven gef\u00fclltes gr\u00fcnes Thymian"},"content":{"rendered":"<p style=\"text-align: center\">Gewicht: 250 g<\/p>\n<p style=\"text-align: center\">K\u00f6stliche lokale Oliven gef\u00fcllt mit gr\u00fcnem Thymian, ein ideales Gericht zum Fr\u00fchst\u00fcck<\/p>\n","protected":false},"excerpt":{"rendered":"<p>Oliven, gr\u00fcne Oliven, gef\u00fcllte Oliven, gr\u00fcnes Thymian, gef\u00fcllte Oliven mit gr\u00fcnem Thymian<\/p>\n","protected":false},"featured_media":15807,"template":"","meta":[],"product_brand":[],"product_cat":[67],"product_tag":[5480,5481],"class_list":{"0":"post-16164","1":"product","2":"type-product","3":"status-publish","4":"has-post-thumbnail","6":"product_cat-fruhstuck","7":"product_tag--de","8":"product_tag---de","10":"first","11":"instock","12":"taxable","13":"shipping-taxable","14":"purchasable","15":"product-type-simple"},"_links":{"self":[{"href":"https:\/\/alepposhop.eu\/de\/wp-json\/wp\/v2\/product\/16164"}],"collection":[{"href":"https:\/\/alepposhop.eu\/de\/wp-json\/wp\/v2\/product"}],"about":[{"href":"https:\/\/alepposhop.eu\/de\/wp-json\/wp\/v2\/types\/product"}],"wp:featuredmedia":[{"embeddable":true,"href":"https:\/\/alepposhop.eu\/de\/wp-json\/wp\/v2\/media\/15807"}],"wp:attachment":[{"href":"https:\/\/alepposhop.eu\/de\/wp-json\/wp\/v2\/media?parent=16164"}],"wp:term":[{"taxonomy":"product_brand","embeddable":true,"href":"https:\/\/alepposhop.eu\/de\/wp-json\/wp\/v2\/product_brand?post=16164"},{"taxonomy":"product_cat","embeddable":true,"href":"https:\/\/alepposhop.eu\/de\/wp-json\/wp\/v2\/product_cat?post=16164"},{"taxonomy":"product_tag","embeddable":true,"href":"https:\/\/alepposhop.eu\/de\/wp-json\/wp\/v2\/product_tag?post=16164"}],"curies":[{"name":"wp","href":"https:\/\/api.w.org\/{rel}","templated":true}]}}