{"id":16168,"date":"2022-02-10T00:28:33","date_gmt":"2022-02-09T23:58:39","guid":{"rendered":"https:\/\/alepposhop.eu\/product\/natuerlicher-badschwanz\/"},"modified":"2022-02-10T00:58:58","modified_gmt":"2022-02-09T23:58:58","slug":"natuerlicher-badschwanz","status":"publish","type":"product","link":"https:\/\/alepposhop.eu\/de\/natuerlicher-badschwanz\/","title":{"rendered":"Nat\u00fcrlicher Badschwanz"},"content":{"rendered":"<p style=\"text-align: center;\">Ein Lofah-SPONG hat mehrere \u00e4sthetische Vorteile, da es als nat\u00fcrlicher Weise angesehen wird, die Haut Ihres K\u00f6rpers zu reinigen und zu stecken. Es spiegelt unvergleichliche Weichheit wider und entfernt das Gespenst des fr\u00fchen Alterns, anders als andere Arten von Grob- und Kunststofffasern.<\/p>\n","protected":false},"excerpt":{"rendered":"<p>Nat\u00fcrlicher SPONG, SPONG, BAD, LOOFAH-Schwamm, LOOFAH, Nat\u00fcrlicher Luffa<\/p>\n","protected":false},"featured_media":15811,"template":"","meta":[],"product_brand":[],"product_cat":[76],"product_tag":[],"class_list":{"0":"post-16168","1":"product","2":"type-product","3":"status-publish","4":"has-post-thumbnail","6":"product_cat-personliche-hygiene","8":"first","9":"instock","10":"taxable","11":"shipping-taxable","12":"purchasable","13":"product-type-simple"},"_links":{"self":[{"href":"https:\/\/alepposhop.eu\/de\/wp-json\/wp\/v2\/product\/16168"}],"collection":[{"href":"https:\/\/alepposhop.eu\/de\/wp-json\/wp\/v2\/product"}],"about":[{"href":"https:\/\/alepposhop.eu\/de\/wp-json\/wp\/v2\/types\/product"}],"wp:featuredmedia":[{"embeddable":true,"href":"https:\/\/alepposhop.eu\/de\/wp-json\/wp\/v2\/media\/15811"}],"wp:attachment":[{"href":"https:\/\/alepposhop.eu\/de\/wp-json\/wp\/v2\/media?parent=16168"}],"wp:term":[{"taxonomy":"product_brand","embeddable":true,"href":"https:\/\/alepposhop.eu\/de\/wp-json\/wp\/v2\/product_brand?post=16168"},{"taxonomy":"product_cat","embeddable":true,"href":"https:\/\/alepposhop.eu\/de\/wp-json\/wp\/v2\/product_cat?post=16168"},{"taxonomy":"product_tag","embeddable":true,"href":"https:\/\/alepposhop.eu\/de\/wp-json\/wp\/v2\/product_tag?post=16168"}],"curies":[{"name":"wp","href":"https:\/\/api.w.org\/{rel}","templated":true}]}}