{"id":16200,"date":"2022-02-10T00:30:34","date_gmt":"2022-02-09T23:59:41","guid":{"rendered":"https:\/\/alepposhop.eu\/product\/kaval-verarbeiteter-kaese-340g\/"},"modified":"2022-02-10T00:59:47","modified_gmt":"2022-02-09T23:59:47","slug":"kaval-verarbeiteter-kaese-340g","status":"publish","type":"product","link":"https:\/\/alepposhop.eu\/de\/kaval-verarbeiteter-kaese-340g\/","title":{"rendered":"KAVAL verarbeiteter K\u00e4se 340g"},"content":{"rendered":"<p style=\"text-align: center;\">Kaval-K\u00e4se ist ideal zum Fr\u00fchst\u00fcck, Abendessen und Sandwiches.<\/p>\n","protected":false},"excerpt":{"rendered":"<p>K\u00e4se, verarbeiteter K\u00e4se<\/p>\n","protected":false},"featured_media":15847,"template":"","meta":[],"product_brand":[],"product_cat":[2355],"product_tag":[],"class_list":{"0":"post-16200","1":"product","2":"type-product","3":"status-publish","4":"has-post-thumbnail","6":"product_cat-konserven","8":"first","9":"outofstock","10":"taxable","11":"shipping-taxable","12":"purchasable","13":"product-type-simple"},"_links":{"self":[{"href":"https:\/\/alepposhop.eu\/de\/wp-json\/wp\/v2\/product\/16200"}],"collection":[{"href":"https:\/\/alepposhop.eu\/de\/wp-json\/wp\/v2\/product"}],"about":[{"href":"https:\/\/alepposhop.eu\/de\/wp-json\/wp\/v2\/types\/product"}],"wp:featuredmedia":[{"embeddable":true,"href":"https:\/\/alepposhop.eu\/de\/wp-json\/wp\/v2\/media\/15847"}],"wp:attachment":[{"href":"https:\/\/alepposhop.eu\/de\/wp-json\/wp\/v2\/media?parent=16200"}],"wp:term":[{"taxonomy":"product_brand","embeddable":true,"href":"https:\/\/alepposhop.eu\/de\/wp-json\/wp\/v2\/product_brand?post=16200"},{"taxonomy":"product_cat","embeddable":true,"href":"https:\/\/alepposhop.eu\/de\/wp-json\/wp\/v2\/product_cat?post=16200"},{"taxonomy":"product_tag","embeddable":true,"href":"https:\/\/alepposhop.eu\/de\/wp-json\/wp\/v2\/product_tag?post=16200"}],"curies":[{"name":"wp","href":"https:\/\/api.w.org\/{rel}","templated":true}]}}