{"id":16224,"date":"2022-02-10T00:30:34","date_gmt":"2022-02-10T00:00:25","guid":{"rendered":"https:\/\/alepposhop.eu\/product\/saison-bietet-unseren-makdous-an\/"},"modified":"2022-04-19T00:01:58","modified_gmt":"2022-04-18T22:01:58","slug":"saison-bietet-unseren-makdous-an","status":"publish","type":"product","link":"https:\/\/alepposhop.eu\/de\/saison-bietet-unseren-makdous-an\/","title":{"rendered":"Saison bietet unseren Makdous an"},"content":{"rendered":"<p style=\"text-align: center;\">1 kg Makdous gef\u00fcllt mit Waln\u00fcssen und Pfefferpaste, Knoblauch, dann mit lokalem Oliven\u00f6l getaucht.<\/p>\n","protected":false},"excerpt":{"rendered":"<p>Saisonangebote, Angebote, Makdous, Waln\u00fcsse, Pfefferpaste, Paprika, Oliven\u00f6l<\/p>\n","protected":false},"featured_media":15871,"template":"","meta":[],"product_brand":[],"product_cat":[2279],"product_tag":[3501,3502],"class_list":{"0":"post-16224","1":"product","2":"type-product","3":"status-publish","4":"has-post-thumbnail","6":"product_cat-saisonale-angebote","7":"product_tag-season-offer-de","8":"product_tag-offers-de","10":"first","11":"outofstock","12":"taxable","13":"shipping-taxable","14":"purchasable","15":"product-type-simple"},"_links":{"self":[{"href":"https:\/\/alepposhop.eu\/de\/wp-json\/wp\/v2\/product\/16224"}],"collection":[{"href":"https:\/\/alepposhop.eu\/de\/wp-json\/wp\/v2\/product"}],"about":[{"href":"https:\/\/alepposhop.eu\/de\/wp-json\/wp\/v2\/types\/product"}],"wp:featuredmedia":[{"embeddable":true,"href":"https:\/\/alepposhop.eu\/de\/wp-json\/wp\/v2\/media\/15871"}],"wp:attachment":[{"href":"https:\/\/alepposhop.eu\/de\/wp-json\/wp\/v2\/media?parent=16224"}],"wp:term":[{"taxonomy":"product_brand","embeddable":true,"href":"https:\/\/alepposhop.eu\/de\/wp-json\/wp\/v2\/product_brand?post=16224"},{"taxonomy":"product_cat","embeddable":true,"href":"https:\/\/alepposhop.eu\/de\/wp-json\/wp\/v2\/product_cat?post=16224"},{"taxonomy":"product_tag","embeddable":true,"href":"https:\/\/alepposhop.eu\/de\/wp-json\/wp\/v2\/product_tag?post=16224"}],"curies":[{"name":"wp","href":"https:\/\/api.w.org\/{rel}","templated":true}]}}