{"id":16232,"date":"2022-02-10T00:30:34","date_gmt":"2022-02-10T00:00:25","guid":{"rendered":"https:\/\/alepposhop.eu\/product\/woechentlich-bietet-dem-koenig-der-chips\/"},"modified":"2022-05-28T00:00:05","modified_gmt":"2022-05-27T22:00:05","slug":"woechentlich-bietet-dem-koenig-der-chips","status":"publish","type":"product","link":"https:\/\/alepposhop.eu\/de\/woechentlich-bietet-dem-koenig-der-chips\/","title":{"rendered":"W\u00f6chentlich bietet dem K\u00f6nig der Chips"},"content":{"rendered":"<p style=\"text-align: center;\">5 Beutel von Master Chips Familiengr\u00f6\u00dfe (K\u00e4se &#8211; Essig &#8211; Salz &#8211; Hei\u00dfpfeffer &#8211; Grill)<\/p>\n","protected":false},"excerpt":{"rendered":"<p>W\u00f6chentliche Angebote, Angebote, Chips, Meister, K\u00e4se, Essig, Kartoffel, Paprika, Grill<\/p>\n","protected":false},"featured_media":15879,"template":"","meta":[],"product_brand":[],"product_cat":[2280],"product_tag":[3502],"class_list":{"0":"post-16232","1":"product","2":"type-product","3":"status-publish","4":"has-post-thumbnail","6":"product_cat-wochentliche-angebote","7":"product_tag-offers-de","9":"first","10":"outofstock","11":"taxable","12":"shipping-taxable","13":"purchasable","14":"product-type-simple"},"_links":{"self":[{"href":"https:\/\/alepposhop.eu\/de\/wp-json\/wp\/v2\/product\/16232"}],"collection":[{"href":"https:\/\/alepposhop.eu\/de\/wp-json\/wp\/v2\/product"}],"about":[{"href":"https:\/\/alepposhop.eu\/de\/wp-json\/wp\/v2\/types\/product"}],"wp:featuredmedia":[{"embeddable":true,"href":"https:\/\/alepposhop.eu\/de\/wp-json\/wp\/v2\/media\/15879"}],"wp:attachment":[{"href":"https:\/\/alepposhop.eu\/de\/wp-json\/wp\/v2\/media?parent=16232"}],"wp:term":[{"taxonomy":"product_brand","embeddable":true,"href":"https:\/\/alepposhop.eu\/de\/wp-json\/wp\/v2\/product_brand?post=16232"},{"taxonomy":"product_cat","embeddable":true,"href":"https:\/\/alepposhop.eu\/de\/wp-json\/wp\/v2\/product_cat?post=16232"},{"taxonomy":"product_tag","embeddable":true,"href":"https:\/\/alepposhop.eu\/de\/wp-json\/wp\/v2\/product_tag?post=16232"}],"curies":[{"name":"wp","href":"https:\/\/api.w.org\/{rel}","templated":true}]}}