{"id":16236,"date":"2022-02-10T00:31:36","date_gmt":"2022-02-10T00:01:09","guid":{"rendered":"https:\/\/alepposhop.eu\/product\/woechentlich-bietet-brot-kaese-und-tee\/"},"modified":"2022-03-14T00:00:01","modified_gmt":"2022-03-13T23:00:01","slug":"woechentlich-bietet-brot-kaese-und-tee","status":"publish","type":"product","link":"https:\/\/alepposhop.eu\/de\/woechentlich-bietet-brot-kaese-und-tee\/","title":{"rendered":"W\u00f6chentlich bietet Brot, K\u00e4se und Tee"},"content":{"rendered":"<p style=\"text-align: center;\">900g Tresse K\u00e4se (Schnurk\u00e4se) + 900g Wei\u00dfer K\u00e4se (W\u00fcrfel)<\/p>\n","protected":false},"excerpt":{"rendered":"<p>W\u00f6chentliches Angebot, Angebote, K\u00e4se, Kabab, W\u00fcrfel, Wei\u00dfer K\u00e4se, Nigella, Schnurk\u00e4se, Tressk\u00e4se<\/p>\n","protected":false},"featured_media":15883,"template":"","meta":[],"product_brand":[],"product_cat":[2280],"product_tag":[3502],"class_list":{"0":"post-16236","1":"product","2":"type-product","3":"status-publish","4":"has-post-thumbnail","6":"product_cat-wochentliche-angebote","7":"product_tag-offers-de","9":"first","10":"outofstock","11":"taxable","12":"shipping-taxable","13":"purchasable","14":"product-type-simple"},"_links":{"self":[{"href":"https:\/\/alepposhop.eu\/de\/wp-json\/wp\/v2\/product\/16236"}],"collection":[{"href":"https:\/\/alepposhop.eu\/de\/wp-json\/wp\/v2\/product"}],"about":[{"href":"https:\/\/alepposhop.eu\/de\/wp-json\/wp\/v2\/types\/product"}],"wp:featuredmedia":[{"embeddable":true,"href":"https:\/\/alepposhop.eu\/de\/wp-json\/wp\/v2\/media\/15883"}],"wp:attachment":[{"href":"https:\/\/alepposhop.eu\/de\/wp-json\/wp\/v2\/media?parent=16236"}],"wp:term":[{"taxonomy":"product_brand","embeddable":true,"href":"https:\/\/alepposhop.eu\/de\/wp-json\/wp\/v2\/product_brand?post=16236"},{"taxonomy":"product_cat","embeddable":true,"href":"https:\/\/alepposhop.eu\/de\/wp-json\/wp\/v2\/product_cat?post=16236"},{"taxonomy":"product_tag","embeddable":true,"href":"https:\/\/alepposhop.eu\/de\/wp-json\/wp\/v2\/product_tag?post=16236"}],"curies":[{"name":"wp","href":"https:\/\/api.w.org\/{rel}","templated":true}]}}