{"id":16240,"date":"2022-02-10T00:31:36","date_gmt":"2022-02-10T00:01:09","guid":{"rendered":"https:\/\/alepposhop.eu\/product\/woechentlich-bietet-snack-und-aromen\/"},"modified":"2022-02-28T00:00:09","modified_gmt":"2022-02-27T23:00:09","slug":"woechentlich-bietet-snack-und-aromen","status":"publish","type":"product","link":"https:\/\/alepposhop.eu\/de\/woechentlich-bietet-snack-und-aromen\/","title":{"rendered":"W\u00f6chentlich bietet Snack und Aromen"},"content":{"rendered":"<p style=\"text-align: center;\">250g Snackchips + 100g K\u00e4segew\u00fcrz + 100g Ketchup-Gew\u00fcrze<\/p>\n","protected":false},"excerpt":{"rendered":"<p>W\u00f6chentliches Angebot, Angebote, Chips, Snack, Chips zum Braten, Gew\u00fcrzen, K\u00e4se, Ketchup<\/p>\n","protected":false},"featured_media":15887,"template":"","meta":[],"product_brand":[],"product_cat":[2280],"product_tag":[3502],"class_list":{"0":"post-16240","1":"product","2":"type-product","3":"status-publish","4":"has-post-thumbnail","6":"product_cat-wochentliche-angebote","7":"product_tag-offers-de","9":"first","10":"outofstock","11":"taxable","12":"shipping-taxable","13":"purchasable","14":"product-type-simple"},"_links":{"self":[{"href":"https:\/\/alepposhop.eu\/de\/wp-json\/wp\/v2\/product\/16240"}],"collection":[{"href":"https:\/\/alepposhop.eu\/de\/wp-json\/wp\/v2\/product"}],"about":[{"href":"https:\/\/alepposhop.eu\/de\/wp-json\/wp\/v2\/types\/product"}],"wp:featuredmedia":[{"embeddable":true,"href":"https:\/\/alepposhop.eu\/de\/wp-json\/wp\/v2\/media\/15887"}],"wp:attachment":[{"href":"https:\/\/alepposhop.eu\/de\/wp-json\/wp\/v2\/media?parent=16240"}],"wp:term":[{"taxonomy":"product_brand","embeddable":true,"href":"https:\/\/alepposhop.eu\/de\/wp-json\/wp\/v2\/product_brand?post=16240"},{"taxonomy":"product_cat","embeddable":true,"href":"https:\/\/alepposhop.eu\/de\/wp-json\/wp\/v2\/product_cat?post=16240"},{"taxonomy":"product_tag","embeddable":true,"href":"https:\/\/alepposhop.eu\/de\/wp-json\/wp\/v2\/product_tag?post=16240"}],"curies":[{"name":"wp","href":"https:\/\/api.w.org\/{rel}","templated":true}]}}