{"id":16946,"date":"2022-03-30T02:05:19","date_gmt":"2022-03-30T00:27:44","guid":{"rendered":"https:\/\/alepposhop.eu\/hamol-babypulver-umschlag\/"},"modified":"2022-03-30T02:27:57","modified_gmt":"2022-03-30T00:27:57","slug":"hamol-babypulver-umschlag","status":"publish","type":"product","link":"https:\/\/alepposhop.eu\/de\/hamol-babypulver-umschlag\/","title":{"rendered":"Hamol Babypulver (Umschlag)"},"content":{"rendered":"<p style=\"text-align: center;\">Hamol-K\u00f6rperpulver mit einem weichen Duft von Hamol-Parf\u00fcm, sanfter Haut f\u00fcr Kinder und Erwachsene.<\/p>\n<h2 style=\"text-align: center;\">Babypulver, Hamol, Baby, Talk, Hautpflege, Kosmetik<\/h2>\n<h1 style=\"text-align: center;\">pers\u00f6nliche Hygiene<\/h1>\n<p style=\"text-align: center;\">Babypulver<\/p>\n<p style=\"text-align: center;\">Hamol<\/p>\n<p style=\"text-align: center;\">Talkpulver, Zinkoxid, Parf\u00fcm.<\/p>\n<p style=\"text-align: center;\">\n","protected":false},"excerpt":{"rendered":"<p>Babypulver, Hamol, Baby, Talk, Hautpflege, Kosmetik<\/p>\n","protected":false},"featured_media":16828,"template":"","meta":[],"product_brand":[],"product_cat":[75],"product_tag":[],"class_list":{"0":"post-16946","1":"product","2":"type-product","3":"status-publish","4":"has-post-thumbnail","6":"product_cat-schonheit-und-gesundheit","8":"first","9":"outofstock","10":"taxable","11":"shipping-taxable","12":"purchasable","13":"product-type-simple"},"_links":{"self":[{"href":"https:\/\/alepposhop.eu\/de\/wp-json\/wp\/v2\/product\/16946"}],"collection":[{"href":"https:\/\/alepposhop.eu\/de\/wp-json\/wp\/v2\/product"}],"about":[{"href":"https:\/\/alepposhop.eu\/de\/wp-json\/wp\/v2\/types\/product"}],"wp:featuredmedia":[{"embeddable":true,"href":"https:\/\/alepposhop.eu\/de\/wp-json\/wp\/v2\/media\/16828"}],"wp:attachment":[{"href":"https:\/\/alepposhop.eu\/de\/wp-json\/wp\/v2\/media?parent=16946"}],"wp:term":[{"taxonomy":"product_brand","embeddable":true,"href":"https:\/\/alepposhop.eu\/de\/wp-json\/wp\/v2\/product_brand?post=16946"},{"taxonomy":"product_cat","embeddable":true,"href":"https:\/\/alepposhop.eu\/de\/wp-json\/wp\/v2\/product_cat?post=16946"},{"taxonomy":"product_tag","embeddable":true,"href":"https:\/\/alepposhop.eu\/de\/wp-json\/wp\/v2\/product_tag?post=16946"}],"curies":[{"name":"wp","href":"https:\/\/api.w.org\/{rel}","templated":true}]}}