{"id":17550,"date":"2022-03-30T02:53:02","date_gmt":"2022-03-30T01:15:55","guid":{"rendered":"https:\/\/alepposhop.eu\/arabischer-bitterer-kaffee-stock\/"},"modified":"2022-03-30T03:16:21","modified_gmt":"2022-03-30T01:16:21","slug":"arabischer-bitterer-kaffee-stock","status":"publish","type":"product","link":"https:\/\/alepposhop.eu\/de\/arabischer-bitterer-kaffee-stock\/","title":{"rendered":"Arabischer bitterer Kaffee (Stock)"},"content":{"rendered":"<p style=\"text-align: center;\">Der arabische Kaffee ist ein Symbol f\u00fcr Gro\u00dfz\u00fcgigkeit und zeichnet sich durch einen konzentrierten zuckerfreien Geschmack aus. Jeder Stock reicht aus, um einen Liter zu machen.<\/p>\n<h2 style=\"text-align: center;\">Kaffee, bitterer Kaffee<\/h2>\n<h1 style=\"text-align: center;\">warme Getr\u00e4nke<\/h1>\n<p style=\"text-align: center;\">Kaffee<\/p>\n<p style=\"text-align: center;\">Ya Hala<\/p>\n<p style=\"text-align: center;\">Gr\u00fcnes Thymian, Sesam, Sumac, Gew\u00fcrze<\/p>\n<p style=\"text-align: center;\">\n","protected":false},"excerpt":{"rendered":"<p>Kaffee, bitterer Kaffee<\/p>\n","protected":false},"featured_media":16993,"template":"","meta":[],"product_brand":[],"product_cat":[2352],"product_tag":[],"class_list":{"0":"post-17550","1":"product","2":"type-product","3":"status-publish","4":"has-post-thumbnail","6":"product_cat-warme-getraenke","8":"first","9":"instock","10":"taxable","11":"shipping-taxable","12":"purchasable","13":"product-type-simple"},"_links":{"self":[{"href":"https:\/\/alepposhop.eu\/de\/wp-json\/wp\/v2\/product\/17550"}],"collection":[{"href":"https:\/\/alepposhop.eu\/de\/wp-json\/wp\/v2\/product"}],"about":[{"href":"https:\/\/alepposhop.eu\/de\/wp-json\/wp\/v2\/types\/product"}],"wp:featuredmedia":[{"embeddable":true,"href":"https:\/\/alepposhop.eu\/de\/wp-json\/wp\/v2\/media\/16993"}],"wp:attachment":[{"href":"https:\/\/alepposhop.eu\/de\/wp-json\/wp\/v2\/media?parent=17550"}],"wp:term":[{"taxonomy":"product_brand","embeddable":true,"href":"https:\/\/alepposhop.eu\/de\/wp-json\/wp\/v2\/product_brand?post=17550"},{"taxonomy":"product_cat","embeddable":true,"href":"https:\/\/alepposhop.eu\/de\/wp-json\/wp\/v2\/product_cat?post=17550"},{"taxonomy":"product_tag","embeddable":true,"href":"https:\/\/alepposhop.eu\/de\/wp-json\/wp\/v2\/product_tag?post=17550"}],"curies":[{"name":"wp","href":"https:\/\/api.w.org\/{rel}","templated":true}]}}