{"id":17566,"date":"2022-03-30T02:53:28","date_gmt":"2022-03-30T01:16:26","guid":{"rendered":"https:\/\/alepposhop.eu\/mimas-toffee-suessigkeiten\/"},"modified":"2022-03-30T03:16:42","modified_gmt":"2022-03-30T01:16:42","slug":"mimas-toffee-suessigkeiten","status":"publish","type":"product","link":"https:\/\/alepposhop.eu\/de\/mimas-toffee-suessigkeiten\/","title":{"rendered":"Mimas Toffee-S\u00fc\u00dfigkeiten"},"content":{"rendered":"<p style=\"text-align: center;\">Toffee-S\u00fc\u00dfigkeiten mit einem k\u00f6stlichen fruchtigen Geschmack<\/p>\n<h2 style=\"text-align: center;\">Bon Bon, S\u00fc\u00dfigkeiten, Toffee, Fr\u00fcchte.<\/h2>\n<h1 style=\"text-align: center;\">Bonbons und Kekse<\/h1>\n<p style=\"text-align: center;\">S\u00fcssigkeit<\/p>\n<p style=\"text-align: center;\">Mimas<\/p>\n<p style=\"text-align: center;\">Zucker, Glukose, Milch, Butter, Kaffee<\/p>\n<p style=\"text-align: center;\">\n","protected":false},"excerpt":{"rendered":"<p>Bon Bon, S\u00fc\u00dfigkeiten, Toffee, Fr\u00fcchte.<\/p>\n","protected":false},"featured_media":17009,"template":"","meta":[],"product_brand":[],"product_cat":[73],"product_tag":[],"class_list":{"0":"post-17566","1":"product","2":"type-product","3":"status-publish","4":"has-post-thumbnail","6":"product_cat-bonbons-und-kekse","8":"first","9":"outofstock","10":"taxable","11":"shipping-taxable","12":"purchasable","13":"product-type-simple"},"_links":{"self":[{"href":"https:\/\/alepposhop.eu\/de\/wp-json\/wp\/v2\/product\/17566"}],"collection":[{"href":"https:\/\/alepposhop.eu\/de\/wp-json\/wp\/v2\/product"}],"about":[{"href":"https:\/\/alepposhop.eu\/de\/wp-json\/wp\/v2\/types\/product"}],"wp:featuredmedia":[{"embeddable":true,"href":"https:\/\/alepposhop.eu\/de\/wp-json\/wp\/v2\/media\/17009"}],"wp:attachment":[{"href":"https:\/\/alepposhop.eu\/de\/wp-json\/wp\/v2\/media?parent=17566"}],"wp:term":[{"taxonomy":"product_brand","embeddable":true,"href":"https:\/\/alepposhop.eu\/de\/wp-json\/wp\/v2\/product_brand?post=17566"},{"taxonomy":"product_cat","embeddable":true,"href":"https:\/\/alepposhop.eu\/de\/wp-json\/wp\/v2\/product_cat?post=17566"},{"taxonomy":"product_tag","embeddable":true,"href":"https:\/\/alepposhop.eu\/de\/wp-json\/wp\/v2\/product_tag?post=17566"}],"curies":[{"name":"wp","href":"https:\/\/api.w.org\/{rel}","templated":true}]}}