{"id":17582,"date":"2022-03-30T02:53:53","date_gmt":"2022-03-30T01:16:52","guid":{"rendered":"https:\/\/alepposhop.eu\/maamoul-kuchenform-9-verschiedene-formen-grosse-groesse\/"},"modified":"2022-05-10T13:37:34","modified_gmt":"2022-05-10T11:37:34","slug":"maamoul-kuchenform-9-verschiedene-formen-grosse-groesse","status":"publish","type":"product","link":"https:\/\/alepposhop.eu\/de\/maamoul-kuchenform-9-verschiedene-formen-grosse-groesse\/","title":{"rendered":"Maamoul-Kuchenform 9 verschiedene Formen (gro\u00dfe Gr\u00f6\u00dfe)"},"content":{"rendered":"<p style=\"text-align: center;\">Maamoul-Form mit verschiedenen Formen, gro\u00dfer Gr\u00f6\u00dfe, aus Kunststoff.<\/p>\n<h2 style=\"text-align: center;\">Schimmel, Formen, Maamoul, K\u00fcchenutensilien<\/h2>\n<h1 style=\"text-align: center;\">K\u00fcchenwerkzeuge und Zubeh\u00f6r<\/h1>\n<p style=\"text-align: center;\">Schimmel<\/p>\n<p style=\"text-align: center;\">Sabiq Brothers<\/p>\n<p style=\"text-align: center;\">Maamoul-Kunststoffform<\/p>\n<p style=\"text-align: center;\">\n","protected":false},"excerpt":{"rendered":"<p>Schimmel, Formen, Maamoul, K\u00fcchenutensilien<\/p>\n","protected":false},"featured_media":19826,"template":"","meta":[],"product_brand":[],"product_cat":[77],"product_tag":[],"class_list":{"0":"post-17582","1":"product","2":"type-product","3":"status-publish","4":"has-post-thumbnail","6":"product_cat-kuchenwerkzeuge-und-zubehor","8":"first","9":"instock","10":"taxable","11":"shipping-taxable","12":"purchasable","13":"product-type-simple"},"_links":{"self":[{"href":"https:\/\/alepposhop.eu\/de\/wp-json\/wp\/v2\/product\/17582"}],"collection":[{"href":"https:\/\/alepposhop.eu\/de\/wp-json\/wp\/v2\/product"}],"about":[{"href":"https:\/\/alepposhop.eu\/de\/wp-json\/wp\/v2\/types\/product"}],"wp:featuredmedia":[{"embeddable":true,"href":"https:\/\/alepposhop.eu\/de\/wp-json\/wp\/v2\/media\/19826"}],"wp:attachment":[{"href":"https:\/\/alepposhop.eu\/de\/wp-json\/wp\/v2\/media?parent=17582"}],"wp:term":[{"taxonomy":"product_brand","embeddable":true,"href":"https:\/\/alepposhop.eu\/de\/wp-json\/wp\/v2\/product_brand?post=17582"},{"taxonomy":"product_cat","embeddable":true,"href":"https:\/\/alepposhop.eu\/de\/wp-json\/wp\/v2\/product_cat?post=17582"},{"taxonomy":"product_tag","embeddable":true,"href":"https:\/\/alepposhop.eu\/de\/wp-json\/wp\/v2\/product_tag?post=17582"}],"curies":[{"name":"wp","href":"https:\/\/api.w.org\/{rel}","templated":true}]}}