{"id":17594,"date":"2022-03-30T02:54:18","date_gmt":"2022-03-30T01:17:17","guid":{"rendered":"https:\/\/alepposhop.eu\/kuechenschuerze-mit-handtuch-rosa\/"},"modified":"2022-05-10T13:37:19","modified_gmt":"2022-05-10T11:37:19","slug":"kuechenschuerze-mit-handtuch-rosa","status":"publish","type":"product","link":"https:\/\/alepposhop.eu\/de\/kuechenschuerze-mit-handtuch-rosa\/","title":{"rendered":"K\u00fcchensch\u00fcrze mit Handtuch (Rosa)"},"content":{"rendered":"<p style=\"text-align: center;\">Anti-Flecken-K\u00fcchensch\u00fcrze mit einem Handtuch, das Ihre Kleidung sauber h\u00e4lt.<\/p>\n<h2 style=\"text-align: center;\">Sch\u00fcrze, Handtuch<\/h2>\n<h1 style=\"text-align: center;\">K\u00fcchenwerkzeuge und Zubeh\u00f6r<\/h1>\n<p style=\"text-align: center;\">Sch\u00fcrze<\/p>\n<p style=\"text-align: center;\">Beren<\/p>\n<p style=\"text-align: center;\">K\u00fcchensch\u00fcrze, Handtuch<\/p>\n<p style=\"text-align: center;\">\n","protected":false},"excerpt":{"rendered":"<p>Sch\u00fcrze, Handtuch<\/p>\n","protected":false},"featured_media":17037,"template":"","meta":[],"product_brand":[],"product_cat":[77],"product_tag":[],"class_list":{"0":"post-17594","1":"product","2":"type-product","3":"status-publish","4":"has-post-thumbnail","6":"product_cat-kuchenwerkzeuge-und-zubehor","8":"first","9":"instock","10":"taxable","11":"shipping-taxable","12":"purchasable","13":"product-type-simple"},"_links":{"self":[{"href":"https:\/\/alepposhop.eu\/de\/wp-json\/wp\/v2\/product\/17594"}],"collection":[{"href":"https:\/\/alepposhop.eu\/de\/wp-json\/wp\/v2\/product"}],"about":[{"href":"https:\/\/alepposhop.eu\/de\/wp-json\/wp\/v2\/types\/product"}],"wp:featuredmedia":[{"embeddable":true,"href":"https:\/\/alepposhop.eu\/de\/wp-json\/wp\/v2\/media\/17037"}],"wp:attachment":[{"href":"https:\/\/alepposhop.eu\/de\/wp-json\/wp\/v2\/media?parent=17594"}],"wp:term":[{"taxonomy":"product_brand","embeddable":true,"href":"https:\/\/alepposhop.eu\/de\/wp-json\/wp\/v2\/product_brand?post=17594"},{"taxonomy":"product_cat","embeddable":true,"href":"https:\/\/alepposhop.eu\/de\/wp-json\/wp\/v2\/product_cat?post=17594"},{"taxonomy":"product_tag","embeddable":true,"href":"https:\/\/alepposhop.eu\/de\/wp-json\/wp\/v2\/product_tag?post=17594"}],"curies":[{"name":"wp","href":"https:\/\/api.w.org\/{rel}","templated":true}]}}