{"id":17638,"date":"2022-03-30T02:55:23","date_gmt":"2022-03-30T01:18:20","guid":{"rendered":"https:\/\/alepposhop.eu\/arabische-zahlen-und-zaehlbuch-erste-klasse\/"},"modified":"2022-03-30T03:18:27","modified_gmt":"2022-03-30T01:18:27","slug":"arabische-zahlen-und-zaehlbuch-erste-klasse","status":"publish","type":"product","link":"https:\/\/alepposhop.eu\/de\/arabische-zahlen-und-zaehlbuch-erste-klasse\/","title":{"rendered":"Arabische Zahlen und Z\u00e4hlbuch (erste Klasse)"},"content":{"rendered":"<p style=\"text-align: center;\">Ein interessantes Buch, das Kindern hilft, arabische Zahlen zu lernen und leicht und lustig zu z\u00e4hlen, erste Klasse.<\/p>\n<h2 style=\"text-align: center;\">Notizbuch, Buch, \u00dcbungen, Zahlen, arabische Sprache, \u00dcbungsbuch, erste Klasse, Z\u00e4hlen<\/h2>\n<h1 style=\"text-align: center;\">Games und Spielzeuge<\/h1>\n<p style=\"text-align: center;\">Buch<\/p>\n<p style=\"text-align: center;\">Numbers and Counting<\/p>\n<p style=\"text-align: center;\">Buch<\/p>\n<p style=\"text-align: center;\">\n","protected":false},"excerpt":{"rendered":"<p>Notizbuch, Buch, \u00dcbungen, Zahlen, arabische Sprache, \u00dcbungsbuch, erste Klasse, Z\u00e4hlen<\/p>\n","protected":false},"featured_media":17081,"template":"","meta":[],"product_brand":[],"product_cat":[79],"product_tag":[],"class_list":{"0":"post-17638","1":"product","2":"type-product","3":"status-publish","4":"has-post-thumbnail","6":"product_cat-games-und-spielzeuge","8":"first","9":"outofstock","10":"taxable","11":"shipping-taxable","12":"purchasable","13":"product-type-simple"},"_links":{"self":[{"href":"https:\/\/alepposhop.eu\/de\/wp-json\/wp\/v2\/product\/17638"}],"collection":[{"href":"https:\/\/alepposhop.eu\/de\/wp-json\/wp\/v2\/product"}],"about":[{"href":"https:\/\/alepposhop.eu\/de\/wp-json\/wp\/v2\/types\/product"}],"wp:featuredmedia":[{"embeddable":true,"href":"https:\/\/alepposhop.eu\/de\/wp-json\/wp\/v2\/media\/17081"}],"wp:attachment":[{"href":"https:\/\/alepposhop.eu\/de\/wp-json\/wp\/v2\/media?parent=17638"}],"wp:term":[{"taxonomy":"product_brand","embeddable":true,"href":"https:\/\/alepposhop.eu\/de\/wp-json\/wp\/v2\/product_brand?post=17638"},{"taxonomy":"product_cat","embeddable":true,"href":"https:\/\/alepposhop.eu\/de\/wp-json\/wp\/v2\/product_cat?post=17638"},{"taxonomy":"product_tag","embeddable":true,"href":"https:\/\/alepposhop.eu\/de\/wp-json\/wp\/v2\/product_tag?post=17638"}],"curies":[{"name":"wp","href":"https:\/\/api.w.org\/{rel}","templated":true}]}}