{"id":17670,"date":"2022-03-30T02:55:53","date_gmt":"2022-03-30T01:18:45","guid":{"rendered":"https:\/\/alepposhop.eu\/dicker-kuhduenger-10-m\/"},"modified":"2024-09-19T07:56:03","modified_gmt":"2024-09-19T05:56:03","slug":"dicker-kuhduenger-10-m","status":"publish","type":"product","link":"https:\/\/alepposhop.eu\/de\/dicker-kuhduenger-10-m\/","title":{"rendered":"Dicker Kuhd\u00e4rme (10 m)"},"content":{"rendered":"<p style=\"text-align: center\">Ungef\u00e4hres Gewicht: 440 g<\/p>\n<p style=\"text-align: center\">Gef\u00fcllte D\u00e4rme (oder Faware) sind ein Gericht nah\u00f6stlichen Ursprungs. Der Darm von Kuh oder Lamm wird gut ges\u00e4ubert und mit Br\u00fche gegart und gef\u00fcllt. Zu den Hauptzutaten der F\u00fcllung geh\u00f6ren Hackfleisch und Reis<\/p>\n<p style=\"text-align: center\">Qabawat ist ein sehr leckeres Wintergericht. Breite Schafk\u00e4fige, 10 Meter lang, sehr sauber und gesalzen, sofort zum Kochen erforderlich.<\/p>\n","protected":false},"excerpt":{"rendered":"<p>Gef\u00fcllte Sheep Darm, Lampendarm, Lampentripe, Schafkritzel, Schafe-Geh\u00e4use, Schafwurst<\/p>\n","protected":false},"featured_media":17113,"template":"","meta":[],"product_brand":[],"product_cat":[68],"product_tag":[],"class_list":{"0":"post-17670","1":"product","2":"type-product","3":"status-publish","4":"has-post-thumbnail","6":"product_cat-lebensmittelversorgung","8":"first","9":"instock","10":"taxable","11":"shipping-taxable","12":"purchasable","13":"product-type-simple"},"_links":{"self":[{"href":"https:\/\/alepposhop.eu\/de\/wp-json\/wp\/v2\/product\/17670"}],"collection":[{"href":"https:\/\/alepposhop.eu\/de\/wp-json\/wp\/v2\/product"}],"about":[{"href":"https:\/\/alepposhop.eu\/de\/wp-json\/wp\/v2\/types\/product"}],"wp:featuredmedia":[{"embeddable":true,"href":"https:\/\/alepposhop.eu\/de\/wp-json\/wp\/v2\/media\/17113"}],"wp:attachment":[{"href":"https:\/\/alepposhop.eu\/de\/wp-json\/wp\/v2\/media?parent=17670"}],"wp:term":[{"taxonomy":"product_brand","embeddable":true,"href":"https:\/\/alepposhop.eu\/de\/wp-json\/wp\/v2\/product_brand?post=17670"},{"taxonomy":"product_cat","embeddable":true,"href":"https:\/\/alepposhop.eu\/de\/wp-json\/wp\/v2\/product_cat?post=17670"},{"taxonomy":"product_tag","embeddable":true,"href":"https:\/\/alepposhop.eu\/de\/wp-json\/wp\/v2\/product_tag?post=17670"}],"curies":[{"name":"wp","href":"https:\/\/api.w.org\/{rel}","templated":true}]}}