{"id":17674,"date":"2022-03-30T02:56:23","date_gmt":"2022-03-30T01:19:21","guid":{"rendered":"https:\/\/alepposhop.eu\/maulbeersirup\/"},"modified":"2022-05-10T13:37:20","modified_gmt":"2022-05-10T11:37:20","slug":"maulbeersirup","status":"publish","type":"product","link":"https:\/\/alepposhop.eu\/de\/maulbeersirup\/","title":{"rendered":"Maulbeersirup."},"content":{"rendered":"<p style=\"text-align: center;\">Mulberry Sirup ist einer der ber\u00fchmten Ramadan-Getr\u00e4nke mit einem k\u00f6stlichen und erfrischenden Geschmack, der durst, 100% nat\u00fcrlich<\/p>\n<h2 style=\"text-align: center;\">Sirup, Saft, Beeren, kondensierter Saft, Konzentrat<\/h2>\n<h1 style=\"text-align: center;\">Getr\u00e4nke und S\u00e4fte<\/h1>\n<p style=\"text-align: center;\">Maulbeersirup.<\/p>\n<p style=\"text-align: center;\">Aleppo shop<\/p>\n<p style=\"text-align: center;\">Maulbeer, Zucker.<\/p>\n<p style=\"text-align: center;\">\n","protected":false},"excerpt":{"rendered":"<p>Sirup, Saft, Beeren, kondensierter Saft, Konzentrat<\/p>\n","protected":false},"featured_media":17117,"template":"","meta":[],"product_brand":[],"product_cat":[74],"product_tag":[],"class_list":{"0":"post-17674","1":"product","2":"type-product","3":"status-publish","4":"has-post-thumbnail","6":"product_cat-getranke-und-safte","8":"first","9":"outofstock","10":"taxable","11":"shipping-taxable","12":"purchasable","13":"product-type-simple"},"_links":{"self":[{"href":"https:\/\/alepposhop.eu\/de\/wp-json\/wp\/v2\/product\/17674"}],"collection":[{"href":"https:\/\/alepposhop.eu\/de\/wp-json\/wp\/v2\/product"}],"about":[{"href":"https:\/\/alepposhop.eu\/de\/wp-json\/wp\/v2\/types\/product"}],"wp:featuredmedia":[{"embeddable":true,"href":"https:\/\/alepposhop.eu\/de\/wp-json\/wp\/v2\/media\/17117"}],"wp:attachment":[{"href":"https:\/\/alepposhop.eu\/de\/wp-json\/wp\/v2\/media?parent=17674"}],"wp:term":[{"taxonomy":"product_brand","embeddable":true,"href":"https:\/\/alepposhop.eu\/de\/wp-json\/wp\/v2\/product_brand?post=17674"},{"taxonomy":"product_cat","embeddable":true,"href":"https:\/\/alepposhop.eu\/de\/wp-json\/wp\/v2\/product_cat?post=17674"},{"taxonomy":"product_tag","embeddable":true,"href":"https:\/\/alepposhop.eu\/de\/wp-json\/wp\/v2\/product_tag?post=17674"}],"curies":[{"name":"wp","href":"https:\/\/api.w.org\/{rel}","templated":true}]}}