{"id":17678,"date":"2022-03-30T02:56:23","date_gmt":"2022-03-30T01:19:21","guid":{"rendered":"https:\/\/alepposhop.eu\/jallab-sirup\/"},"modified":"2025-02-20T13:53:21","modified_gmt":"2025-02-20T12:53:21","slug":"jallab-sirup","status":"publish","type":"product","link":"https:\/\/alepposhop.eu\/de\/jallab-sirup\/","title":{"rendered":"JALLAB SIRUP."},"content":{"rendered":"<p style=\"text-align: center\">Jallab Sirup ist einer der ber\u00fchmten Ramadan-Getr\u00e4nke mit einem leckeren und erfrischenden Geschmack, der durst, 100% nat\u00fcrlich<\/p>\n<h2 style=\"text-align: center\">Sirup, Saft, Jallab, Kondensaft, konzentriert, intensiv<\/h2>\n<h1 style=\"text-align: center\">Getr\u00e4nke und S\u00e4fte<\/h1>\n<p style=\"text-align: center\">JALLAB SIRUP.<\/p>\n<p style=\"text-align: center\">Aleppo shop<\/p>\n<p style=\"text-align: center\">Termine Melasse, Zucker, Rose Wate<\/p>\n<p style=\"text-align: center\">\n","protected":false},"excerpt":{"rendered":"<p>Sirup, Saft, Jallab, Kondensaft, konzentriert, intensiv<\/p>\n","protected":false},"featured_media":17121,"template":"","meta":[],"product_brand":[],"product_cat":[74],"product_tag":[],"class_list":{"0":"post-17678","1":"product","2":"type-product","3":"status-publish","4":"has-post-thumbnail","6":"product_cat-getranke-und-safte","8":"first","9":"outofstock","10":"taxable","11":"shipping-taxable","12":"purchasable","13":"product-type-simple"},"_links":{"self":[{"href":"https:\/\/alepposhop.eu\/de\/wp-json\/wp\/v2\/product\/17678"}],"collection":[{"href":"https:\/\/alepposhop.eu\/de\/wp-json\/wp\/v2\/product"}],"about":[{"href":"https:\/\/alepposhop.eu\/de\/wp-json\/wp\/v2\/types\/product"}],"wp:featuredmedia":[{"embeddable":true,"href":"https:\/\/alepposhop.eu\/de\/wp-json\/wp\/v2\/media\/17121"}],"wp:attachment":[{"href":"https:\/\/alepposhop.eu\/de\/wp-json\/wp\/v2\/media?parent=17678"}],"wp:term":[{"taxonomy":"product_brand","embeddable":true,"href":"https:\/\/alepposhop.eu\/de\/wp-json\/wp\/v2\/product_brand?post=17678"},{"taxonomy":"product_cat","embeddable":true,"href":"https:\/\/alepposhop.eu\/de\/wp-json\/wp\/v2\/product_cat?post=17678"},{"taxonomy":"product_tag","embeddable":true,"href":"https:\/\/alepposhop.eu\/de\/wp-json\/wp\/v2\/product_tag?post=17678"}],"curies":[{"name":"wp","href":"https:\/\/api.w.org\/{rel}","templated":true}]}}