{"id":17686,"date":"2022-03-30T02:56:23","date_gmt":"2022-03-30T01:19:21","guid":{"rendered":"https:\/\/alepposhop.eu\/moschee-und-halbmond-grosse-groesse-dekor\/"},"modified":"2022-04-07T02:25:21","modified_gmt":"2022-04-07T00:25:21","slug":"moschee-und-halbmond-grosse-groesse-dekor","status":"publish","type":"product","link":"https:\/\/alepposhop.eu\/de\/moschee-und-halbmond-grosse-groesse-dekor\/","title":{"rendered":"Moschee und Halbmond gro\u00dfe Gr\u00f6\u00dfe (Dekor)"},"content":{"rendered":"<p style=\"text-align: center;\">Eine gro\u00dfe Moschee und Halbmond, die mit Strom arbeitet, um die sch\u00f6ne Ramadan-Atmosph\u00e4re hinzuzuf\u00fcgen.<\/p>\n<h2 style=\"text-align: center;\">Dekoration, Ramadan, Moschee, Halbmond, Ramadan Kareem<\/h2>\n<h1 style=\"text-align: center;\">Islamisches<\/h1>\n<p style=\"text-align: center;\">Moschee und Halbmond.<\/p>\n<p style=\"text-align: center;\">Aleppo shop<\/p>\n<p style=\"text-align: center;\">Moschee und Halbmond.<\/p>\n<p style=\"text-align: center;\">\n","protected":false},"excerpt":{"rendered":"<p>Dekoration, Ramadan, Moschee, Halbmond, Ramadan Kareem<\/p>\n","protected":false},"featured_media":17129,"template":"","meta":[],"product_brand":[],"product_cat":[78],"product_tag":[5497],"class_list":{"0":"post-17686","1":"product","2":"type-product","3":"status-publish","4":"has-post-thumbnail","6":"product_cat-islamisches","7":"product_tag--de","9":"first","10":"outofstock","11":"taxable","12":"shipping-taxable","13":"purchasable","14":"product-type-simple"},"_links":{"self":[{"href":"https:\/\/alepposhop.eu\/de\/wp-json\/wp\/v2\/product\/17686"}],"collection":[{"href":"https:\/\/alepposhop.eu\/de\/wp-json\/wp\/v2\/product"}],"about":[{"href":"https:\/\/alepposhop.eu\/de\/wp-json\/wp\/v2\/types\/product"}],"wp:featuredmedia":[{"embeddable":true,"href":"https:\/\/alepposhop.eu\/de\/wp-json\/wp\/v2\/media\/17129"}],"wp:attachment":[{"href":"https:\/\/alepposhop.eu\/de\/wp-json\/wp\/v2\/media?parent=17686"}],"wp:term":[{"taxonomy":"product_brand","embeddable":true,"href":"https:\/\/alepposhop.eu\/de\/wp-json\/wp\/v2\/product_brand?post=17686"},{"taxonomy":"product_cat","embeddable":true,"href":"https:\/\/alepposhop.eu\/de\/wp-json\/wp\/v2\/product_cat?post=17686"},{"taxonomy":"product_tag","embeddable":true,"href":"https:\/\/alepposhop.eu\/de\/wp-json\/wp\/v2\/product_tag?post=17686"}],"curies":[{"name":"wp","href":"https:\/\/api.w.org\/{rel}","templated":true}]}}