{"id":17694,"date":"2022-03-30T02:56:51","date_gmt":"2022-03-30T01:19:52","guid":{"rendered":"https:\/\/alepposhop.eu\/granatapfelsirup-natuerlich\/"},"modified":"2022-05-10T13:37:20","modified_gmt":"2022-05-10T11:37:20","slug":"granatapfelsirup-natuerlich","status":"publish","type":"product","link":"https:\/\/alepposhop.eu\/de\/granatapfelsirup-natuerlich\/","title":{"rendered":"Granatapfelsirup (nat\u00fcrlich)"},"content":{"rendered":"<p style=\"text-align: center;\">Granatapfelsirup ist ein erfrischendes und n\u00fctzliches Getr\u00e4nk mit einem k\u00f6stlichen und sehr erfrischenden Geschmack und h\u00e4lt Durst, 100% nat\u00fcrlich<\/p>\n<h2 style=\"text-align: center;\">Sirup, Saft, Granatapfel, Kondensaft, Konzentrat<\/h2>\n<h1 style=\"text-align: center;\">Getr\u00e4nke und S\u00e4fte<\/h1>\n<p style=\"text-align: center;\">Granatapfelsirup.<\/p>\n<p style=\"text-align: center;\">Aleppo shop<\/p>\n<p style=\"text-align: center;\">Granatapfel, Zucker.<\/p>\n<p style=\"text-align: center;\">\n","protected":false},"excerpt":{"rendered":"<p>Sirup, Saft, Granatapfel, Kondensaft, Konzentrat<\/p>\n","protected":false},"featured_media":17137,"template":"","meta":[],"product_brand":[],"product_cat":[74],"product_tag":[],"class_list":{"0":"post-17694","1":"product","2":"type-product","3":"status-publish","4":"has-post-thumbnail","6":"product_cat-getranke-und-safte","8":"first","9":"outofstock","10":"taxable","11":"shipping-taxable","12":"purchasable","13":"product-type-simple"},"_links":{"self":[{"href":"https:\/\/alepposhop.eu\/de\/wp-json\/wp\/v2\/product\/17694"}],"collection":[{"href":"https:\/\/alepposhop.eu\/de\/wp-json\/wp\/v2\/product"}],"about":[{"href":"https:\/\/alepposhop.eu\/de\/wp-json\/wp\/v2\/types\/product"}],"wp:featuredmedia":[{"embeddable":true,"href":"https:\/\/alepposhop.eu\/de\/wp-json\/wp\/v2\/media\/17137"}],"wp:attachment":[{"href":"https:\/\/alepposhop.eu\/de\/wp-json\/wp\/v2\/media?parent=17694"}],"wp:term":[{"taxonomy":"product_brand","embeddable":true,"href":"https:\/\/alepposhop.eu\/de\/wp-json\/wp\/v2\/product_brand?post=17694"},{"taxonomy":"product_cat","embeddable":true,"href":"https:\/\/alepposhop.eu\/de\/wp-json\/wp\/v2\/product_cat?post=17694"},{"taxonomy":"product_tag","embeddable":true,"href":"https:\/\/alepposhop.eu\/de\/wp-json\/wp\/v2\/product_tag?post=17694"}],"curies":[{"name":"wp","href":"https:\/\/api.w.org\/{rel}","templated":true}]}}