{"id":17714,"date":"2022-03-30T02:57:21","date_gmt":"2022-03-30T01:20:25","guid":{"rendered":"https:\/\/alepposhop.eu\/sidr-blaetter\/"},"modified":"2022-03-30T03:20:25","modified_gmt":"2022-03-30T01:20:25","slug":"sidr-blaetter","status":"publish","type":"product","link":"https:\/\/alepposhop.eu\/de\/sidr-blaetter\/","title":{"rendered":"Sidr Bl\u00e4tter"},"content":{"rendered":"<p style=\"text-align: center;\">Sidr-Bl\u00e4tter haben viele und mehrere Vorteile, da das Papier in Wasser gekocht wird, um es zu trinken, um das Blut zu reinigen.<\/p>\n<h2 style=\"text-align: center;\">Sidr Herb, Sidr Bl\u00e4tter, Kr\u00e4uter, Heilkr\u00e4uter<\/h2>\n<h1 style=\"text-align: center;\">Kr\u00e4uter und Ptisan<\/h1>\n<p style=\"text-align: center;\">Kr\u00e4uter<\/p>\n<p style=\"text-align: center;\">Aleppo shop<\/p>\n<p style=\"text-align: center;\">Sidr Bl\u00e4tter<\/p>\n<p style=\"text-align: center;\">\n","protected":false},"excerpt":{"rendered":"<p>Sidr Herb, Sidr Bl\u00e4tter, Kr\u00e4uter, Heilkr\u00e4uter<\/p>\n","protected":false},"featured_media":17157,"template":"","meta":[],"product_brand":[],"product_cat":[70],"product_tag":[],"class_list":{"0":"post-17714","1":"product","2":"type-product","3":"status-publish","4":"has-post-thumbnail","6":"product_cat-krauter-und-ptisan","8":"first","9":"instock","10":"taxable","11":"shipping-taxable","12":"purchasable","13":"product-type-simple"},"_links":{"self":[{"href":"https:\/\/alepposhop.eu\/de\/wp-json\/wp\/v2\/product\/17714"}],"collection":[{"href":"https:\/\/alepposhop.eu\/de\/wp-json\/wp\/v2\/product"}],"about":[{"href":"https:\/\/alepposhop.eu\/de\/wp-json\/wp\/v2\/types\/product"}],"wp:featuredmedia":[{"embeddable":true,"href":"https:\/\/alepposhop.eu\/de\/wp-json\/wp\/v2\/media\/17157"}],"wp:attachment":[{"href":"https:\/\/alepposhop.eu\/de\/wp-json\/wp\/v2\/media?parent=17714"}],"wp:term":[{"taxonomy":"product_brand","embeddable":true,"href":"https:\/\/alepposhop.eu\/de\/wp-json\/wp\/v2\/product_brand?post=17714"},{"taxonomy":"product_cat","embeddable":true,"href":"https:\/\/alepposhop.eu\/de\/wp-json\/wp\/v2\/product_cat?post=17714"},{"taxonomy":"product_tag","embeddable":true,"href":"https:\/\/alepposhop.eu\/de\/wp-json\/wp\/v2\/product_tag?post=17714"}],"curies":[{"name":"wp","href":"https:\/\/api.w.org\/{rel}","templated":true}]}}