{"id":17734,"date":"2022-03-30T02:57:48","date_gmt":"2022-03-30T01:20:51","guid":{"rendered":"https:\/\/alepposhop.eu\/marshmallow-sticks-halal\/"},"modified":"2022-03-30T03:20:52","modified_gmt":"2022-03-30T01:20:52","slug":"marshmallow-sticks-halal","status":"publish","type":"product","link":"https:\/\/alepposhop.eu\/de\/marshmallow-sticks-halal\/","title":{"rendered":"Marshmallow Sticks (Halal)"},"content":{"rendered":"<p style=\"text-align: center;\">Marshmallow-Finger mit Vanillearoma und verschiedenen Farben<\/p>\n<h2 style=\"text-align: center;\">Marshmallow Candy, Eibisch, Halal, S\u00fc\u00dfigkeiten, S\u00fc\u00dfigkeiten<\/h2>\n<h1 style=\"text-align: center;\">Bonbons und Kekse<\/h1>\n<p style=\"text-align: center;\">M\u00e4usespeck<\/p>\n<p style=\"text-align: center;\">Pinco<\/p>\n<p style=\"text-align: center;\">Zucker, Glukose, Fruchtaromen, Halalgelatine<\/p>\n<p style=\"text-align: center;\">\n","protected":false},"excerpt":{"rendered":"<p>Marshmallow Candy, Eibisch, Halal, S\u00fc\u00dfigkeiten, S\u00fc\u00dfigkeiten<\/p>\n","protected":false},"featured_media":17177,"template":"","meta":[],"product_brand":[],"product_cat":[73],"product_tag":[],"class_list":{"0":"post-17734","1":"product","2":"type-product","3":"status-publish","4":"has-post-thumbnail","6":"product_cat-bonbons-und-kekse","8":"first","9":"outofstock","10":"taxable","11":"shipping-taxable","12":"purchasable","13":"product-type-simple"},"_links":{"self":[{"href":"https:\/\/alepposhop.eu\/de\/wp-json\/wp\/v2\/product\/17734"}],"collection":[{"href":"https:\/\/alepposhop.eu\/de\/wp-json\/wp\/v2\/product"}],"about":[{"href":"https:\/\/alepposhop.eu\/de\/wp-json\/wp\/v2\/types\/product"}],"wp:featuredmedia":[{"embeddable":true,"href":"https:\/\/alepposhop.eu\/de\/wp-json\/wp\/v2\/media\/17177"}],"wp:attachment":[{"href":"https:\/\/alepposhop.eu\/de\/wp-json\/wp\/v2\/media?parent=17734"}],"wp:term":[{"taxonomy":"product_brand","embeddable":true,"href":"https:\/\/alepposhop.eu\/de\/wp-json\/wp\/v2\/product_brand?post=17734"},{"taxonomy":"product_cat","embeddable":true,"href":"https:\/\/alepposhop.eu\/de\/wp-json\/wp\/v2\/product_cat?post=17734"},{"taxonomy":"product_tag","embeddable":true,"href":"https:\/\/alepposhop.eu\/de\/wp-json\/wp\/v2\/product_tag?post=17734"}],"curies":[{"name":"wp","href":"https:\/\/api.w.org\/{rel}","templated":true}]}}