{"id":17746,"date":"2022-03-30T02:57:48","date_gmt":"2022-03-30T01:20:51","guid":{"rendered":"https:\/\/alepposhop.eu\/feinbrauner-bulgur-kibbeh\/"},"modified":"2022-03-30T03:21:07","modified_gmt":"2022-03-30T01:21:07","slug":"feinbrauner-bulgur-kibbeh","status":"publish","type":"product","link":"https:\/\/alepposhop.eu\/de\/feinbrauner-bulgur-kibbeh\/","title":{"rendered":"Feinbrauner Bulgur (Kibbeh)"},"content":{"rendered":"<p style=\"text-align: center;\">Bulgur ist zerquetschte gekochte Weizenk\u00f6rner, ein komplettes Essen, das als Hauptnahrungsmittelalternative f\u00fcr Reis f\u00fcr die Menschen der Levante, insbesondere der Syrer, angesehen wird<\/p>\n<h2 style=\"text-align: center;\">Bulgur, braun Bulgur, Bulgur Kibbeh<\/h2>\n<h1 style=\"text-align: center;\">Lebensmittelversorgung<\/h1>\n<p style=\"text-align: center;\">Bulgur<\/p>\n<p style=\"text-align: center;\">Aleppo shop<\/p>\n<p style=\"text-align: center;\">Feinbraune Bulgur<\/p>\n<p style=\"text-align: center;\">\n","protected":false},"excerpt":{"rendered":"<p>Bulgur, braun Bulgur, Bulgur Kibbeh<\/p>\n","protected":false},"featured_media":17189,"template":"","meta":[],"product_brand":[],"product_cat":[4757],"product_tag":[],"class_list":{"0":"post-17746","1":"product","2":"type-product","3":"status-publish","4":"has-post-thumbnail","6":"product_cat-getreide","8":"first","9":"instock","10":"taxable","11":"shipping-taxable","12":"purchasable","13":"product-type-simple"},"_links":{"self":[{"href":"https:\/\/alepposhop.eu\/de\/wp-json\/wp\/v2\/product\/17746"}],"collection":[{"href":"https:\/\/alepposhop.eu\/de\/wp-json\/wp\/v2\/product"}],"about":[{"href":"https:\/\/alepposhop.eu\/de\/wp-json\/wp\/v2\/types\/product"}],"wp:featuredmedia":[{"embeddable":true,"href":"https:\/\/alepposhop.eu\/de\/wp-json\/wp\/v2\/media\/17189"}],"wp:attachment":[{"href":"https:\/\/alepposhop.eu\/de\/wp-json\/wp\/v2\/media?parent=17746"}],"wp:term":[{"taxonomy":"product_brand","embeddable":true,"href":"https:\/\/alepposhop.eu\/de\/wp-json\/wp\/v2\/product_brand?post=17746"},{"taxonomy":"product_cat","embeddable":true,"href":"https:\/\/alepposhop.eu\/de\/wp-json\/wp\/v2\/product_cat?post=17746"},{"taxonomy":"product_tag","embeddable":true,"href":"https:\/\/alepposhop.eu\/de\/wp-json\/wp\/v2\/product_tag?post=17746"}],"curies":[{"name":"wp","href":"https:\/\/api.w.org\/{rel}","templated":true}]}}