{"id":17750,"date":"2022-03-30T02:57:48","date_gmt":"2022-03-30T01:20:51","guid":{"rendered":"https:\/\/alepposhop.eu\/bunter-bon-bon\/"},"modified":"2022-03-30T03:21:12","modified_gmt":"2022-03-30T01:21:12","slug":"bunter-bon-bon","status":"publish","type":"product","link":"https:\/\/alepposhop.eu\/de\/bunter-bon-bon\/","title":{"rendered":"Bunter Bon Bon."},"content":{"rendered":"<p style=\"text-align: center;\">S\u00fc\u00dfigkeiten mit Fruchtgeschmack und verschiedenen Farben, geliebt von Kindern.<\/p>\n<h2 style=\"text-align: center;\">S\u00fc\u00dfigkeiten, Bon Bon, S\u00fc\u00dfigkeiten<\/h2>\n<h1 style=\"text-align: center;\">Bonbons und Kekse<\/h1>\n<p style=\"text-align: center;\">S\u00fc\u00dfigkeiten<\/p>\n<p style=\"text-align: center;\">Aleppo shop<\/p>\n<p style=\"text-align: center;\">Zucker, Glukose, nat\u00fcrliche Farbstoffe<\/p>\n<p style=\"text-align: center;\">\n","protected":false},"excerpt":{"rendered":"<p>S\u00fc\u00dfigkeiten, Bon Bon, S\u00fc\u00dfigkeiten<\/p>\n","protected":false},"featured_media":17193,"template":"","meta":[],"product_brand":[],"product_cat":[73],"product_tag":[],"class_list":{"0":"post-17750","1":"product","2":"type-product","3":"status-publish","4":"has-post-thumbnail","6":"product_cat-bonbons-und-kekse","8":"first","9":"instock","10":"taxable","11":"shipping-taxable","12":"purchasable","13":"product-type-simple"},"_links":{"self":[{"href":"https:\/\/alepposhop.eu\/de\/wp-json\/wp\/v2\/product\/17750"}],"collection":[{"href":"https:\/\/alepposhop.eu\/de\/wp-json\/wp\/v2\/product"}],"about":[{"href":"https:\/\/alepposhop.eu\/de\/wp-json\/wp\/v2\/types\/product"}],"wp:featuredmedia":[{"embeddable":true,"href":"https:\/\/alepposhop.eu\/de\/wp-json\/wp\/v2\/media\/17193"}],"wp:attachment":[{"href":"https:\/\/alepposhop.eu\/de\/wp-json\/wp\/v2\/media?parent=17750"}],"wp:term":[{"taxonomy":"product_brand","embeddable":true,"href":"https:\/\/alepposhop.eu\/de\/wp-json\/wp\/v2\/product_brand?post=17750"},{"taxonomy":"product_cat","embeddable":true,"href":"https:\/\/alepposhop.eu\/de\/wp-json\/wp\/v2\/product_cat?post=17750"},{"taxonomy":"product_tag","embeddable":true,"href":"https:\/\/alepposhop.eu\/de\/wp-json\/wp\/v2\/product_tag?post=17750"}],"curies":[{"name":"wp","href":"https:\/\/api.w.org\/{rel}","templated":true}]}}