{"id":17758,"date":"2022-03-30T02:58:18","date_gmt":"2022-03-30T01:21:18","guid":{"rendered":"https:\/\/alepposhop.eu\/getrocknete-rosenblaetter-essbar\/"},"modified":"2022-03-30T03:21:23","modified_gmt":"2022-03-30T01:21:23","slug":"getrocknete-rosenblaetter-essbar","status":"publish","type":"product","link":"https:\/\/alepposhop.eu\/de\/getrocknete-rosenblaetter-essbar\/","title":{"rendered":"Getrocknete Rosenbl\u00e4tter (essbar)"},"content":{"rendered":"<p style=\"text-align: center;\">Trockene Rosenbl\u00e4tter werden weit verbreitet, um orientalische S\u00fc\u00dfigkeiten zu dekorieren, zus\u00e4tzlich zu vielen Vorteilen<\/p>\n<h2 style=\"text-align: center;\">Getrocknete Rosen, Rosen, dekorative Rosen, Rosen<\/h2>\n<h1 style=\"text-align: center;\">Kr\u00e4uter und Ptisan<\/h1>\n<p style=\"text-align: center;\">Rose<\/p>\n<p style=\"text-align: center;\">Aleppo shop<\/p>\n<p style=\"text-align: center;\">Getrocknete Rosenbl\u00e4tter<\/p>\n<p style=\"text-align: center;\">\n","protected":false},"excerpt":{"rendered":"<p>Getrocknete Rosen, Rosen, dekorative Rosen, Rosen<\/p>\n","protected":false},"featured_media":17201,"template":"","meta":[],"product_brand":[],"product_cat":[70],"product_tag":[],"class_list":{"0":"post-17758","1":"product","2":"type-product","3":"status-publish","4":"has-post-thumbnail","6":"product_cat-krauter-und-ptisan","8":"first","9":"instock","10":"taxable","11":"shipping-taxable","12":"purchasable","13":"product-type-simple"},"_links":{"self":[{"href":"https:\/\/alepposhop.eu\/de\/wp-json\/wp\/v2\/product\/17758"}],"collection":[{"href":"https:\/\/alepposhop.eu\/de\/wp-json\/wp\/v2\/product"}],"about":[{"href":"https:\/\/alepposhop.eu\/de\/wp-json\/wp\/v2\/types\/product"}],"wp:featuredmedia":[{"embeddable":true,"href":"https:\/\/alepposhop.eu\/de\/wp-json\/wp\/v2\/media\/17201"}],"wp:attachment":[{"href":"https:\/\/alepposhop.eu\/de\/wp-json\/wp\/v2\/media?parent=17758"}],"wp:term":[{"taxonomy":"product_brand","embeddable":true,"href":"https:\/\/alepposhop.eu\/de\/wp-json\/wp\/v2\/product_brand?post=17758"},{"taxonomy":"product_cat","embeddable":true,"href":"https:\/\/alepposhop.eu\/de\/wp-json\/wp\/v2\/product_cat?post=17758"},{"taxonomy":"product_tag","embeddable":true,"href":"https:\/\/alepposhop.eu\/de\/wp-json\/wp\/v2\/product_tag?post=17758"}],"curies":[{"name":"wp","href":"https:\/\/api.w.org\/{rel}","templated":true}]}}