{"id":17766,"date":"2022-03-30T02:58:18","date_gmt":"2022-03-30T01:21:18","guid":{"rendered":"https:\/\/alepposhop.eu\/kurzer-aegyptischer-reis\/"},"modified":"2022-03-30T03:21:34","modified_gmt":"2022-03-30T01:21:34","slug":"kurzer-aegyptischer-reis","status":"publish","type":"product","link":"https:\/\/alepposhop.eu\/de\/kurzer-aegyptischer-reis\/","title":{"rendered":"Kurzer \u00e4gyptischer Reis."},"content":{"rendered":"<p style=\"text-align: center;\">\u00c4gyptischer Reis ist einer der ber\u00fchmtesten Arten von Reis, bekannt in der arabischen Welt, gekennzeichnet durch seinen reichen und k\u00f6stlichen Geschmack.<\/p>\n<h2 style=\"text-align: center;\">Reis, Reis, kurzer Reis, \u00e4gyptischer Reis, kleiner Kornreis, kurzk\u00f6rniger Reis.<\/h2>\n<h1 style=\"text-align: center;\">Lebensmittelversorgung<\/h1>\n<p style=\"text-align: center;\">Reis<\/p>\n<p style=\"text-align: center;\">Aleppo shop<\/p>\n<p style=\"text-align: center;\">Kurzer kornwei\u00dfer Reis<\/p>\n<p style=\"text-align: center;\">\n","protected":false},"excerpt":{"rendered":"<p>Reis, Reis, kurzer Reis, \u00e4gyptischer Reis, kleiner Kornreis, kurzk\u00f6rniger Reis.<\/p>\n","protected":false},"featured_media":17209,"template":"","meta":[],"product_brand":[],"product_cat":[4757],"product_tag":[],"class_list":{"0":"post-17766","1":"product","2":"type-product","3":"status-publish","4":"has-post-thumbnail","6":"product_cat-getreide","8":"first","9":"instock","10":"taxable","11":"shipping-taxable","12":"purchasable","13":"product-type-simple"},"_links":{"self":[{"href":"https:\/\/alepposhop.eu\/de\/wp-json\/wp\/v2\/product\/17766"}],"collection":[{"href":"https:\/\/alepposhop.eu\/de\/wp-json\/wp\/v2\/product"}],"about":[{"href":"https:\/\/alepposhop.eu\/de\/wp-json\/wp\/v2\/types\/product"}],"wp:featuredmedia":[{"embeddable":true,"href":"https:\/\/alepposhop.eu\/de\/wp-json\/wp\/v2\/media\/17209"}],"wp:attachment":[{"href":"https:\/\/alepposhop.eu\/de\/wp-json\/wp\/v2\/media?parent=17766"}],"wp:term":[{"taxonomy":"product_brand","embeddable":true,"href":"https:\/\/alepposhop.eu\/de\/wp-json\/wp\/v2\/product_brand?post=17766"},{"taxonomy":"product_cat","embeddable":true,"href":"https:\/\/alepposhop.eu\/de\/wp-json\/wp\/v2\/product_cat?post=17766"},{"taxonomy":"product_tag","embeddable":true,"href":"https:\/\/alepposhop.eu\/de\/wp-json\/wp\/v2\/product_tag?post=17766"}],"curies":[{"name":"wp","href":"https:\/\/api.w.org\/{rel}","templated":true}]}}