{"id":17774,"date":"2022-03-30T02:58:49","date_gmt":"2022-03-30T01:21:44","guid":{"rendered":"https:\/\/alepposhop.eu\/bodenlakritze\/"},"modified":"2022-04-23T00:00:19","modified_gmt":"2022-04-22T22:00:19","slug":"bodenlakritze","status":"publish","type":"product","link":"https:\/\/alepposhop.eu\/de\/bodenlakritze\/","title":{"rendered":"Bodenlakritze."},"content":{"rendered":"<p style=\"text-align: center;\">Lakritze ist eine der beliebtesten und unverwechselbaren Getr\u00e4nke in Ramadan. Es ist ein nat\u00fcrliches Getr\u00e4nk aus der Lakritzanlage, das auf unterschiedliche Weise vorbereitet ist.<\/p>\n<h2 style=\"text-align: center;\">Lakritze, Ramadan, Lakritzgetr\u00e4nk, Ramadan Getr\u00e4nke<\/h2>\n<h1 style=\"text-align: center;\">Getr\u00e4nke und S\u00e4fte<\/h1>\n<p style=\"text-align: center;\">Trinken<\/p>\n<p style=\"text-align: center;\">Aleppo shop<\/p>\n<p style=\"text-align: center;\">Bodenlakritze.<\/p>\n<p style=\"text-align: center;\">\n","protected":false},"excerpt":{"rendered":"<p>Lakritze, Ramadan, Lakritzgetr\u00e4nk, Ramadan Getr\u00e4nke<\/p>\n","protected":false},"featured_media":17217,"template":"","meta":[],"product_brand":[],"product_cat":[5845,74],"product_tag":[5497],"class_list":{"0":"post-17774","1":"product","2":"type-product","3":"status-publish","4":"has-post-thumbnail","6":"product_cat-auktion","7":"product_cat-getranke-und-safte","8":"product_tag--de","10":"first","11":"instock","12":"sale","13":"taxable","14":"shipping-taxable","15":"purchasable","16":"product-type-simple"},"_links":{"self":[{"href":"https:\/\/alepposhop.eu\/de\/wp-json\/wp\/v2\/product\/17774"}],"collection":[{"href":"https:\/\/alepposhop.eu\/de\/wp-json\/wp\/v2\/product"}],"about":[{"href":"https:\/\/alepposhop.eu\/de\/wp-json\/wp\/v2\/types\/product"}],"wp:featuredmedia":[{"embeddable":true,"href":"https:\/\/alepposhop.eu\/de\/wp-json\/wp\/v2\/media\/17217"}],"wp:attachment":[{"href":"https:\/\/alepposhop.eu\/de\/wp-json\/wp\/v2\/media?parent=17774"}],"wp:term":[{"taxonomy":"product_brand","embeddable":true,"href":"https:\/\/alepposhop.eu\/de\/wp-json\/wp\/v2\/product_brand?post=17774"},{"taxonomy":"product_cat","embeddable":true,"href":"https:\/\/alepposhop.eu\/de\/wp-json\/wp\/v2\/product_cat?post=17774"},{"taxonomy":"product_tag","embeddable":true,"href":"https:\/\/alepposhop.eu\/de\/wp-json\/wp\/v2\/product_tag?post=17774"}],"curies":[{"name":"wp","href":"https:\/\/api.w.org\/{rel}","templated":true}]}}