{"id":17786,"date":"2022-03-30T02:58:49","date_gmt":"2022-03-30T01:21:44","guid":{"rendered":"https:\/\/alepposhop.eu\/kokosnussbaelle-mit-termine-gefuellt\/"},"modified":"2022-05-10T13:37:20","modified_gmt":"2022-05-10T11:37:20","slug":"kokosnussbaelle-mit-termine-gefuellt","status":"publish","type":"product","link":"https:\/\/alepposhop.eu\/de\/kokosnussbaelle-mit-termine-gefuellt\/","title":{"rendered":"Kokosnussb\u00e4lle mit Termine gef\u00fcllt"},"content":{"rendered":"<p style=\"text-align: center;\">Kokosnusskugeln mit Terminen gef\u00fcllt und mit Pistazien verziert. Manche Leute nennen es Kaab Al Ghazal Sweet. Es ist einer der ber\u00fchmtesten S\u00fc\u00dfigkeiten, die von Erwachsenen und Kindern aufgrund seines k\u00f6stlichen Geschmacks geliebt werden.<\/p>\n<h2 style=\"text-align: center;\">Kokosnussb\u00e4lle, Kaab Al Ghazal, Maamoul Dates<\/h2>\n<h1 style=\"text-align: center;\">Bonbons und Kekse<\/h1>\n<p style=\"text-align: center;\">S\u00fc\u00dfigkeiten<\/p>\n<p style=\"text-align: center;\">Saida<\/p>\n<p style=\"text-align: center;\">Kokosnuss, Gem\u00fcseghee, Termine, Zucker, Pistazie<\/p>\n<p style=\"text-align: center;\">\n","protected":false},"excerpt":{"rendered":"<p>Kokosnussb\u00e4lle, Kaab Al Ghazal, Maamoul Dates<\/p>\n","protected":false},"featured_media":17229,"template":"","meta":[],"product_brand":[],"product_cat":[73],"product_tag":[],"class_list":{"0":"post-17786","1":"product","2":"type-product","3":"status-publish","4":"has-post-thumbnail","6":"product_cat-bonbons-und-kekse","8":"first","9":"outofstock","10":"taxable","11":"shipping-taxable","12":"purchasable","13":"product-type-simple"},"_links":{"self":[{"href":"https:\/\/alepposhop.eu\/de\/wp-json\/wp\/v2\/product\/17786"}],"collection":[{"href":"https:\/\/alepposhop.eu\/de\/wp-json\/wp\/v2\/product"}],"about":[{"href":"https:\/\/alepposhop.eu\/de\/wp-json\/wp\/v2\/types\/product"}],"wp:featuredmedia":[{"embeddable":true,"href":"https:\/\/alepposhop.eu\/de\/wp-json\/wp\/v2\/media\/17229"}],"wp:attachment":[{"href":"https:\/\/alepposhop.eu\/de\/wp-json\/wp\/v2\/media?parent=17786"}],"wp:term":[{"taxonomy":"product_brand","embeddable":true,"href":"https:\/\/alepposhop.eu\/de\/wp-json\/wp\/v2\/product_brand?post=17786"},{"taxonomy":"product_cat","embeddable":true,"href":"https:\/\/alepposhop.eu\/de\/wp-json\/wp\/v2\/product_cat?post=17786"},{"taxonomy":"product_tag","embeddable":true,"href":"https:\/\/alepposhop.eu\/de\/wp-json\/wp\/v2\/product_tag?post=17786"}],"curies":[{"name":"wp","href":"https:\/\/api.w.org\/{rel}","templated":true}]}}