{"id":17790,"date":"2022-03-30T02:58:49","date_gmt":"2022-03-30T01:21:44","guid":{"rendered":"https:\/\/alepposhop.eu\/maamoul-raha-stueck\/"},"modified":"2022-03-30T03:22:06","modified_gmt":"2022-03-30T01:22:06","slug":"maamoul-raha-stueck","status":"publish","type":"product","link":"https:\/\/alepposhop.eu\/de\/maamoul-raha-stueck\/","title":{"rendered":"Maamoul Raha (St\u00fcck)"},"content":{"rendered":"<p style=\"text-align: center;\">Ein leckeres St\u00fcck t\u00fcrkischer Raha, der mit einer d\u00fcnnen Schicht Grie\u00df und Mehl bedeckt ist. Maamoul Raha, oder wie es in einigen Bereichen bekannt ist, wie Maamoul Al Malban, oder Maamoul Al Raha, gilt als einer der leckersten Desserts f\u00fcr Kinder und Erwachsene.<\/p>\n<h2 style=\"text-align: center;\">Raha, Kekse, Maamoul<\/h2>\n<h1 style=\"text-align: center;\">Bonbons und Kekse<\/h1>\n<p style=\"text-align: center;\">Maamoul.<\/p>\n<p style=\"text-align: center;\">Saida<\/p>\n<p style=\"text-align: center;\">Mehl, Zucker, Milch, St\u00e4rke<\/p>\n<p style=\"text-align: center;\">\n","protected":false},"excerpt":{"rendered":"<p>Raha, Kekse, Maamoul<\/p>\n","protected":false},"featured_media":17233,"template":"","meta":[],"product_brand":[],"product_cat":[73],"product_tag":[],"class_list":{"0":"post-17790","1":"product","2":"type-product","3":"status-publish","4":"has-post-thumbnail","6":"product_cat-bonbons-und-kekse","8":"first","9":"outofstock","10":"taxable","11":"shipping-taxable","12":"purchasable","13":"product-type-simple"},"_links":{"self":[{"href":"https:\/\/alepposhop.eu\/de\/wp-json\/wp\/v2\/product\/17790"}],"collection":[{"href":"https:\/\/alepposhop.eu\/de\/wp-json\/wp\/v2\/product"}],"about":[{"href":"https:\/\/alepposhop.eu\/de\/wp-json\/wp\/v2\/types\/product"}],"wp:featuredmedia":[{"embeddable":true,"href":"https:\/\/alepposhop.eu\/de\/wp-json\/wp\/v2\/media\/17233"}],"wp:attachment":[{"href":"https:\/\/alepposhop.eu\/de\/wp-json\/wp\/v2\/media?parent=17790"}],"wp:term":[{"taxonomy":"product_brand","embeddable":true,"href":"https:\/\/alepposhop.eu\/de\/wp-json\/wp\/v2\/product_brand?post=17790"},{"taxonomy":"product_cat","embeddable":true,"href":"https:\/\/alepposhop.eu\/de\/wp-json\/wp\/v2\/product_cat?post=17790"},{"taxonomy":"product_tag","embeddable":true,"href":"https:\/\/alepposhop.eu\/de\/wp-json\/wp\/v2\/product_tag?post=17790"}],"curies":[{"name":"wp","href":"https:\/\/api.w.org\/{rel}","templated":true}]}}