{"id":17810,"date":"2022-03-30T02:59:18","date_gmt":"2022-03-30T01:22:11","guid":{"rendered":"https:\/\/alepposhop.eu\/trauben-verjuice-konzentrat-verjuice\/"},"modified":"2024-10-10T11:58:50","modified_gmt":"2024-10-10T09:58:50","slug":"trauben-verjuice-konzentrat-verjuice","status":"publish","type":"product","link":"https:\/\/alepposhop.eu\/de\/trauben-verjuice-konzentrat-verjuice\/","title":{"rendered":"Trauben Verjuice (Konzentrat Verjuice)"},"content":{"rendered":"<p style=\"text-align: center\">Gewicht: 1000 ml<\/p>\n<p style=\"text-align: center\">Es handelt sich um einen sauren Saft, der aus einigen sauren Traubensorten hergestellt wird, die noch nicht vollst\u00e4ndig ausgereift sind<\/p>\n<p style=\"text-align: center\">Der nat\u00fcrliche S\u00e4uregehalt von Soursop verleiht ihm seinen hohen Wert und seine kulinarische Bedeutung, und Soursop gilt als die wichtigste Alternative zu Sour. Frischer Soursop-Saft wird zum Kochen von Weinbl\u00e4ttern und anderen F\u00fcllungen wie Zucchini, Auberginen und Tomaten sowie zur Zubereitung von Fattoush-Salat, Taboul\u00e9-Salat und allen Arten von Gem\u00fcsesalaten verwendet.<\/p>\n","protected":false},"excerpt":{"rendered":"<p>Saure Trauben, Trauben Verjuice, Traubenbl\u00e4tter, saure Trauben<\/p>\n","protected":false},"featured_media":17253,"template":"","meta":[],"product_brand":[],"product_cat":[68],"product_tag":[],"class_list":{"0":"post-17810","1":"product","2":"type-product","3":"status-publish","4":"has-post-thumbnail","6":"product_cat-lebensmittelversorgung","8":"first","9":"instock","10":"taxable","11":"shipping-taxable","12":"purchasable","13":"product-type-simple"},"_links":{"self":[{"href":"https:\/\/alepposhop.eu\/de\/wp-json\/wp\/v2\/product\/17810"}],"collection":[{"href":"https:\/\/alepposhop.eu\/de\/wp-json\/wp\/v2\/product"}],"about":[{"href":"https:\/\/alepposhop.eu\/de\/wp-json\/wp\/v2\/types\/product"}],"wp:featuredmedia":[{"embeddable":true,"href":"https:\/\/alepposhop.eu\/de\/wp-json\/wp\/v2\/media\/17253"}],"wp:attachment":[{"href":"https:\/\/alepposhop.eu\/de\/wp-json\/wp\/v2\/media?parent=17810"}],"wp:term":[{"taxonomy":"product_brand","embeddable":true,"href":"https:\/\/alepposhop.eu\/de\/wp-json\/wp\/v2\/product_brand?post=17810"},{"taxonomy":"product_cat","embeddable":true,"href":"https:\/\/alepposhop.eu\/de\/wp-json\/wp\/v2\/product_cat?post=17810"},{"taxonomy":"product_tag","embeddable":true,"href":"https:\/\/alepposhop.eu\/de\/wp-json\/wp\/v2\/product_tag?post=17810"}],"curies":[{"name":"wp","href":"https:\/\/api.w.org\/{rel}","templated":true}]}}