{"id":18056,"date":"2022-03-30T03:40:31","date_gmt":"2022-03-30T01:53:20","guid":{"rendered":"https:\/\/alepposhop.eu\/einfache-kekse\/"},"modified":"2022-03-30T03:53:21","modified_gmt":"2022-03-30T01:53:21","slug":"einfache-kekse","status":"publish","type":"product","link":"https:\/\/alepposhop.eu\/de\/einfache-kekse\/","title":{"rendered":"Einfache Kekse"},"content":{"rendered":"<p style=\"text-align: center;\">Kekse sind einer der trockenen Cracker, die wir alle lieben. Sie sind ein Begleiter f\u00fcr viele Teepartys, Gelegenheiten, Feiertage und sogar Parteien. Die einfachen Kekse mit Raha geh\u00f6ren zu den schnellsten und leckersten Arten von schnellen und k\u00f6stlichen Desserts.<\/p>\n<h2 style=\"text-align: center;\">Crunchy Plain Keks.<\/h2>\n<h1 style=\"text-align: center;\">Bonbons und Kekse<\/h1>\n<p style=\"text-align: center;\">Kekse<\/p>\n<p style=\"text-align: center;\">Halk<\/p>\n<p style=\"text-align: center;\">Mehl, Milch, Zucker, Ghee<\/p>\n<p style=\"text-align: center;\">\n","protected":false},"excerpt":{"rendered":"<p>Crunchy Plain Keks.<\/p>\n","protected":false},"featured_media":17817,"template":"","meta":[],"product_brand":[],"product_cat":[73],"product_tag":[],"class_list":{"0":"post-18056","1":"product","2":"type-product","3":"status-publish","4":"has-post-thumbnail","6":"product_cat-bonbons-und-kekse","8":"first","9":"outofstock","10":"taxable","11":"shipping-taxable","12":"purchasable","13":"product-type-simple"},"_links":{"self":[{"href":"https:\/\/alepposhop.eu\/de\/wp-json\/wp\/v2\/product\/18056"}],"collection":[{"href":"https:\/\/alepposhop.eu\/de\/wp-json\/wp\/v2\/product"}],"about":[{"href":"https:\/\/alepposhop.eu\/de\/wp-json\/wp\/v2\/types\/product"}],"wp:featuredmedia":[{"embeddable":true,"href":"https:\/\/alepposhop.eu\/de\/wp-json\/wp\/v2\/media\/17817"}],"wp:attachment":[{"href":"https:\/\/alepposhop.eu\/de\/wp-json\/wp\/v2\/media?parent=18056"}],"wp:term":[{"taxonomy":"product_brand","embeddable":true,"href":"https:\/\/alepposhop.eu\/de\/wp-json\/wp\/v2\/product_brand?post=18056"},{"taxonomy":"product_cat","embeddable":true,"href":"https:\/\/alepposhop.eu\/de\/wp-json\/wp\/v2\/product_cat?post=18056"},{"taxonomy":"product_tag","embeddable":true,"href":"https:\/\/alepposhop.eu\/de\/wp-json\/wp\/v2\/product_tag?post=18056"}],"curies":[{"name":"wp","href":"https:\/\/api.w.org\/{rel}","templated":true}]}}