{"id":18092,"date":"2022-03-30T03:40:59","date_gmt":"2022-03-30T01:53:47","guid":{"rendered":"https:\/\/alepposhop.eu\/woechentliche-angebote-das-oel-auf-sie-und-das-thymian-auf-uns\/"},"modified":"2022-04-08T01:00:11","modified_gmt":"2022-04-07T23:00:11","slug":"woechentliche-angebote-das-oel-auf-sie-und-das-thymian-auf-uns","status":"publish","type":"product","link":"https:\/\/alepposhop.eu\/de\/woechentliche-angebote-das-oel-auf-sie-und-das-thymian-auf-uns\/","title":{"rendered":"W\u00f6chentliche Angebote, das \u00d6l auf Sie und das Thymian auf uns."},"content":{"rendered":"<p style=\"text-align: center;\">Mit jedem 1 Liter Oliven\u00f6l 500 g Al-Arjawi-Thymian mit Granatapfel-Melasse bieten Ihre Kinder und Familie ein k\u00f6stliches Fr\u00fchst\u00fcck von hausgemachtem \u00d6l und Thymian.<\/p>\n<h2 style=\"text-align: center;\">W\u00f6chentliche Angebote, Thymian, Oliven\u00f6l<\/h2>\n<h1 style=\"text-align: center;\">W\u00f6chentliche Angebote<\/h1>\n<p style=\"text-align: center;\">W\u00f6chentliches Angebot<\/p>\n<p style=\"text-align: center;\">Aleppo shop, Al-Arjawi<\/p>\n<p style=\"text-align: center;\">Mit jedem 1 Liter Oliven\u00f6l 500 g Al-Arjawi-Thymian mit Granatapfel-Melasse bieten Ihre Kinder und Familie ein k\u00f6stliches Fr\u00fchst\u00fcck von hausgemachtem \u00d6l und Thymian.<\/p>\n<p style=\"text-align: center;\">\n","protected":false},"excerpt":{"rendered":"<p>W\u00f6chentliche Angebote, Thymian, Oliven\u00f6l<\/p>\n","protected":false},"featured_media":17853,"template":"","meta":[],"product_brand":[],"product_cat":[2280],"product_tag":[],"class_list":{"0":"post-18092","1":"product","2":"type-product","3":"status-publish","4":"has-post-thumbnail","6":"product_cat-wochentliche-angebote","8":"first","9":"outofstock","10":"taxable","11":"shipping-taxable","12":"purchasable","13":"product-type-simple"},"_links":{"self":[{"href":"https:\/\/alepposhop.eu\/de\/wp-json\/wp\/v2\/product\/18092"}],"collection":[{"href":"https:\/\/alepposhop.eu\/de\/wp-json\/wp\/v2\/product"}],"about":[{"href":"https:\/\/alepposhop.eu\/de\/wp-json\/wp\/v2\/types\/product"}],"wp:featuredmedia":[{"embeddable":true,"href":"https:\/\/alepposhop.eu\/de\/wp-json\/wp\/v2\/media\/17853"}],"wp:attachment":[{"href":"https:\/\/alepposhop.eu\/de\/wp-json\/wp\/v2\/media?parent=18092"}],"wp:term":[{"taxonomy":"product_brand","embeddable":true,"href":"https:\/\/alepposhop.eu\/de\/wp-json\/wp\/v2\/product_brand?post=18092"},{"taxonomy":"product_cat","embeddable":true,"href":"https:\/\/alepposhop.eu\/de\/wp-json\/wp\/v2\/product_cat?post=18092"},{"taxonomy":"product_tag","embeddable":true,"href":"https:\/\/alepposhop.eu\/de\/wp-json\/wp\/v2\/product_tag?post=18092"}],"curies":[{"name":"wp","href":"https:\/\/api.w.org\/{rel}","templated":true}]}}