{"id":18096,"date":"2022-03-30T03:41:28","date_gmt":"2022-03-30T01:54:12","guid":{"rendered":"https:\/\/alepposhop.eu\/woechentliche-angebote-makdous-des-hauses\/"},"modified":"2022-04-19T00:01:59","modified_gmt":"2022-04-18T22:01:59","slug":"woechentliche-angebote-makdous-des-hauses","status":"publish","type":"product","link":"https:\/\/alepposhop.eu\/de\/woechentliche-angebote-makdous-des-hauses\/","title":{"rendered":"W\u00f6chentliche Angebote, Makdous des Hauses"},"content":{"rendered":"<p style=\"text-align: center;\">1 Kilo Makdous gef\u00fcllt mit Waln\u00fcssen, Pfefferpaste, Knoblauch und in westliches Oliven\u00f6l getaucht.<\/p>\n<h2 style=\"text-align: center;\">W\u00f6chentliche Angebote, Angebote, Makdous, Walnuss, Pfeffer, Pfefferpaste, Oliven\u00f6l<\/h2>\n<h1 style=\"text-align: center;\">W\u00f6chentliche Angebote<\/h1>\n<p style=\"text-align: center;\">W\u00f6chentliches Angebot<\/p>\n<p style=\"text-align: center;\">Aleppo shop<\/p>\n<p style=\"text-align: center;\">1 Kilo Makdous gef\u00fcllt mit Waln\u00fcssen, Pfefferpaste, Knoblauch und in westliches Oliven\u00f6l getaucht.<\/p>\n<p style=\"text-align: center;\">\n","protected":false},"excerpt":{"rendered":"<p>W\u00f6chentliche Angebote, Angebote, Makdous, Walnuss, Pfeffer, Pfefferpaste, Oliven\u00f6l<\/p>\n","protected":false},"featured_media":17857,"template":"","meta":[],"product_brand":[],"product_cat":[2280],"product_tag":[3502],"class_list":{"0":"post-18096","1":"product","2":"type-product","3":"status-publish","4":"has-post-thumbnail","6":"product_cat-wochentliche-angebote","7":"product_tag-offers-de","9":"first","10":"outofstock","11":"taxable","12":"shipping-taxable","13":"purchasable","14":"product-type-simple"},"_links":{"self":[{"href":"https:\/\/alepposhop.eu\/de\/wp-json\/wp\/v2\/product\/18096"}],"collection":[{"href":"https:\/\/alepposhop.eu\/de\/wp-json\/wp\/v2\/product"}],"about":[{"href":"https:\/\/alepposhop.eu\/de\/wp-json\/wp\/v2\/types\/product"}],"wp:featuredmedia":[{"embeddable":true,"href":"https:\/\/alepposhop.eu\/de\/wp-json\/wp\/v2\/media\/17857"}],"wp:attachment":[{"href":"https:\/\/alepposhop.eu\/de\/wp-json\/wp\/v2\/media?parent=18096"}],"wp:term":[{"taxonomy":"product_brand","embeddable":true,"href":"https:\/\/alepposhop.eu\/de\/wp-json\/wp\/v2\/product_brand?post=18096"},{"taxonomy":"product_cat","embeddable":true,"href":"https:\/\/alepposhop.eu\/de\/wp-json\/wp\/v2\/product_cat?post=18096"},{"taxonomy":"product_tag","embeddable":true,"href":"https:\/\/alepposhop.eu\/de\/wp-json\/wp\/v2\/product_tag?post=18096"}],"curies":[{"name":"wp","href":"https:\/\/api.w.org\/{rel}","templated":true}]}}