{"id":18108,"date":"2022-03-30T03:41:28","date_gmt":"2022-03-30T01:54:12","guid":{"rendered":"https:\/\/alepposhop.eu\/woechentlich-angebot-5-umschlaege-der-huehnersuppe-mit-vermicelli\/"},"modified":"2022-04-19T00:01:58","modified_gmt":"2022-04-18T22:01:58","slug":"woechentlich-angebot-5-umschlaege-der-huehnersuppe-mit-vermicelli","status":"publish","type":"product","link":"https:\/\/alepposhop.eu\/de\/woechentlich-angebot-5-umschlaege-der-huehnersuppe-mit-vermicelli\/","title":{"rendered":"W\u00f6chentlich Angebot 5 Umschl\u00e4ge der H\u00fchnersuppe mit Vermicelli"},"content":{"rendered":"<p style=\"text-align: center;\">Halten Sie Ihren Tisch immer reich an gesunden und leichten Gerichten und bereiten Sie die H\u00fchnersuppe in wenigen Minuten vor.<\/p>\n<h2 style=\"text-align: center;\">W\u00f6chentliches Angebot, Maggi-Suppe<\/h2>\n<h1 style=\"text-align: center;\">W\u00f6chentliche Angebote<\/h1>\n<p style=\"text-align: center;\">W\u00f6chentliches Angebot<\/p>\n<p style=\"text-align: center;\">Alsham garden<\/p>\n<p style=\"text-align: center;\">Halten Sie Ihren Tisch immer reich an gesunden und leichten Gerichten und bereiten Sie die H\u00fchnersuppe in wenigen Minuten vor.<\/p>\n<p style=\"text-align: center;\">\n","protected":false},"excerpt":{"rendered":"<p>W\u00f6chentliches Angebot, Maggi-Suppe<\/p>\n","protected":false},"featured_media":17869,"template":"","meta":[],"product_brand":[],"product_cat":[2280],"product_tag":[],"class_list":{"0":"post-18108","1":"product","2":"type-product","3":"status-publish","4":"has-post-thumbnail","6":"product_cat-wochentliche-angebote","8":"first","9":"outofstock","10":"taxable","11":"shipping-taxable","12":"purchasable","13":"product-type-simple"},"_links":{"self":[{"href":"https:\/\/alepposhop.eu\/de\/wp-json\/wp\/v2\/product\/18108"}],"collection":[{"href":"https:\/\/alepposhop.eu\/de\/wp-json\/wp\/v2\/product"}],"about":[{"href":"https:\/\/alepposhop.eu\/de\/wp-json\/wp\/v2\/types\/product"}],"wp:featuredmedia":[{"embeddable":true,"href":"https:\/\/alepposhop.eu\/de\/wp-json\/wp\/v2\/media\/17869"}],"wp:attachment":[{"href":"https:\/\/alepposhop.eu\/de\/wp-json\/wp\/v2\/media?parent=18108"}],"wp:term":[{"taxonomy":"product_brand","embeddable":true,"href":"https:\/\/alepposhop.eu\/de\/wp-json\/wp\/v2\/product_brand?post=18108"},{"taxonomy":"product_cat","embeddable":true,"href":"https:\/\/alepposhop.eu\/de\/wp-json\/wp\/v2\/product_cat?post=18108"},{"taxonomy":"product_tag","embeddable":true,"href":"https:\/\/alepposhop.eu\/de\/wp-json\/wp\/v2\/product_tag?post=18108"}],"curies":[{"name":"wp","href":"https:\/\/api.w.org\/{rel}","templated":true}]}}