{"id":18120,"date":"2022-03-30T03:41:55","date_gmt":"2022-03-30T01:54:39","guid":{"rendered":"https:\/\/alepposhop.eu\/saisonangebot-sahoor-mahlzeit-gross\/"},"modified":"2022-05-10T13:37:28","modified_gmt":"2022-05-10T11:37:28","slug":"saisonangebot-sahoor-mahlzeit-gross","status":"publish","type":"product","link":"https:\/\/alepposhop.eu\/de\/saisonangebot-sahoor-mahlzeit-gross\/","title":{"rendered":"Saisonangebot Sahoor Mahlzeit (gro\u00df)"},"content":{"rendered":"<p style=\"text-align: center;\">Labneh 1000 g, schwarze Oliven attoun 500 g, Oliven 500 g, Brotst\u00f6cke 400 g, Makdous 1000 g, wei\u00dfer K\u00e4se (W\u00fcrfel) 900 g, Oliven (Mucklas) 600 g, Halawa mit Pistazien 250 g, Aleppo Thymian mit Sumac 400 g , Kaval verarbeiteter K\u00e4se 200 g<\/p>\n<h2 style=\"text-align: center;\">Saisonangebot, Labneh, Schwarze Oliven, Attun, Oliven, Brotst\u00f6cke, Makdous, Wei\u00dfer K\u00e4se, W\u00fcrfel, Kaval, verarbeiteter K\u00e4se, Aleppo Thymian, Sumac, Mucklas, Halawa, Pistazien<\/h2>\n<h1 style=\"text-align: center;\">saisonale Angebote<\/h1>\n<p style=\"text-align: center;\">Saisonangebot.<\/p>\n<p style=\"text-align: center;\">Aleppo shop<\/p>\n<p style=\"text-align: center;\">Labneh 1000 g, schwarze Oliven attoun 500 g, Oliven 500 g, Brotst\u00f6cke 400 g, Makdous 1000 g, wei\u00dfer K\u00e4se (W\u00fcrfel) 900 g, Oliven (Mucklas) 600 g, Halawa mit Pistazien 250 g, Aleppo Thymian mit Sumac 400 g , Kaval verarbeiteter K\u00e4se 200 g<\/p>\n<p style=\"text-align: center;\">\n","protected":false},"excerpt":{"rendered":"<p>Saisonangebot, Labneh, Schwarze Oliven, Attun, Oliven, Brotst\u00f6cke, Makdous, Wei\u00dfer K\u00e4se, W\u00fcrfel, Kaval, verarbeiteter K\u00e4se, Aleppo Thymian, Sumac, Mucklas, Halawa, Pistazien<\/p>\n","protected":false},"featured_media":17881,"template":"","meta":[],"product_brand":[],"product_cat":[2279],"product_tag":[],"class_list":{"0":"post-18120","1":"product","2":"type-product","3":"status-publish","4":"has-post-thumbnail","6":"product_cat-saisonale-angebote","8":"first","9":"outofstock","10":"taxable","11":"shipping-taxable","12":"purchasable","13":"product-type-simple"},"_links":{"self":[{"href":"https:\/\/alepposhop.eu\/de\/wp-json\/wp\/v2\/product\/18120"}],"collection":[{"href":"https:\/\/alepposhop.eu\/de\/wp-json\/wp\/v2\/product"}],"about":[{"href":"https:\/\/alepposhop.eu\/de\/wp-json\/wp\/v2\/types\/product"}],"wp:featuredmedia":[{"embeddable":true,"href":"https:\/\/alepposhop.eu\/de\/wp-json\/wp\/v2\/media\/17881"}],"wp:attachment":[{"href":"https:\/\/alepposhop.eu\/de\/wp-json\/wp\/v2\/media?parent=18120"}],"wp:term":[{"taxonomy":"product_brand","embeddable":true,"href":"https:\/\/alepposhop.eu\/de\/wp-json\/wp\/v2\/product_brand?post=18120"},{"taxonomy":"product_cat","embeddable":true,"href":"https:\/\/alepposhop.eu\/de\/wp-json\/wp\/v2\/product_cat?post=18120"},{"taxonomy":"product_tag","embeddable":true,"href":"https:\/\/alepposhop.eu\/de\/wp-json\/wp\/v2\/product_tag?post=18120"}],"curies":[{"name":"wp","href":"https:\/\/api.w.org\/{rel}","templated":true}]}}