{"id":18124,"date":"2022-03-30T03:41:55","date_gmt":"2022-03-30T01:54:39","guid":{"rendered":"https:\/\/alepposhop.eu\/saisonangebot-traubenblaetter-teller\/"},"modified":"2022-05-10T13:37:22","modified_gmt":"2022-05-10T11:37:22","slug":"saisonangebot-traubenblaetter-teller","status":"publish","type":"product","link":"https:\/\/alepposhop.eu\/de\/saisonangebot-traubenblaetter-teller\/","title":{"rendered":"Saisonangebot, Traubenbl\u00e4tter Teller"},"content":{"rendered":"<p style=\"text-align: center;\">Traubenbl\u00e4tter 1000 g, ein Liter nat\u00fcrlicher Traube Verjuice, \u00e4gyptischer kurzer Reis 500 g<\/p>\n<h2 style=\"text-align: center;\">Saisonangebot, Bl\u00e4tter, Traube Verjuice, \u00e4gyptischer kurzer Reis,<\/h2>\n<h1 style=\"text-align: center;\">saisonale Angebote<\/h1>\n<p style=\"text-align: center;\">Saisonangebot.<\/p>\n<p style=\"text-align: center;\">Aleppo shop<\/p>\n<p style=\"text-align: center;\">Traubenbl\u00e4tter 1000 g, ein Liter nat\u00fcrlicher Traube Verjuice, \u00e4gyptischer kurzer Reis 500 g<\/p>\n<p style=\"text-align: center;\">\n","protected":false},"excerpt":{"rendered":"<p>Saisonangebot, Bl\u00e4tter, Traube Verjuice, \u00e4gyptischer kurzer Reis,<\/p>\n","protected":false},"featured_media":17885,"template":"","meta":[],"product_brand":[],"product_cat":[2279],"product_tag":[],"class_list":{"0":"post-18124","1":"product","2":"type-product","3":"status-publish","4":"has-post-thumbnail","6":"product_cat-saisonale-angebote","8":"first","9":"outofstock","10":"taxable","11":"shipping-taxable","12":"purchasable","13":"product-type-simple"},"_links":{"self":[{"href":"https:\/\/alepposhop.eu\/de\/wp-json\/wp\/v2\/product\/18124"}],"collection":[{"href":"https:\/\/alepposhop.eu\/de\/wp-json\/wp\/v2\/product"}],"about":[{"href":"https:\/\/alepposhop.eu\/de\/wp-json\/wp\/v2\/types\/product"}],"wp:featuredmedia":[{"embeddable":true,"href":"https:\/\/alepposhop.eu\/de\/wp-json\/wp\/v2\/media\/17885"}],"wp:attachment":[{"href":"https:\/\/alepposhop.eu\/de\/wp-json\/wp\/v2\/media?parent=18124"}],"wp:term":[{"taxonomy":"product_brand","embeddable":true,"href":"https:\/\/alepposhop.eu\/de\/wp-json\/wp\/v2\/product_brand?post=18124"},{"taxonomy":"product_cat","embeddable":true,"href":"https:\/\/alepposhop.eu\/de\/wp-json\/wp\/v2\/product_cat?post=18124"},{"taxonomy":"product_tag","embeddable":true,"href":"https:\/\/alepposhop.eu\/de\/wp-json\/wp\/v2\/product_tag?post=18124"}],"curies":[{"name":"wp","href":"https:\/\/api.w.org\/{rel}","templated":true}]}}