{"id":18136,"date":"2022-03-30T03:42:22","date_gmt":"2022-03-30T01:55:06","guid":{"rendered":"https:\/\/alepposhop.eu\/natuerlicher-maulbeersirup-konzentrat-2-liter-1-liter-kostenlos\/"},"modified":"2022-05-10T13:37:22","modified_gmt":"2022-05-10T11:37:22","slug":"natuerlicher-maulbeersirup-konzentrat-2-liter-1-liter-kostenlos","status":"publish","type":"product","link":"https:\/\/alepposhop.eu\/de\/natuerlicher-maulbeersirup-konzentrat-2-liter-1-liter-kostenlos\/","title":{"rendered":"Nat\u00fcrlicher Maulbeersirup (Konzentrat) 2 Liter + 1 Liter kostenlos"},"content":{"rendered":"<p style=\"text-align: center;\">Der k\u00f6stliche Geschmack ist nicht das einzige Sonderband an Mulberry Sirup, aber es ist ein k\u00f6stlicher Saft, der reich an N\u00e4hrstoffen ist, um den K\u00f6rper f\u00fcr den schnellen n\u00e4chsten Tag mit Energie zu versorgen<\/p>\n<h2 style=\"text-align: center;\">Nat\u00fcrlicher, Maulbeersirup, Konzentrat<\/h2>\n<h1 style=\"text-align: center;\">saisonale Angebote<\/h1>\n<p style=\"text-align: center;\">Saisonangebot.<\/p>\n<p style=\"text-align: center;\">Aleppo shop<\/p>\n<p style=\"text-align: center;\">Der k\u00f6stliche Geschmack ist nicht das einzige Sonderband an Mulberry Sirup, aber es ist ein k\u00f6stlicher Saft, der reich an N\u00e4hrstoffen ist, um den K\u00f6rper f\u00fcr den schnellen n\u00e4chsten Tag mit Energie zu versorgen<\/p>\n<p style=\"text-align: center;\">\n","protected":false},"excerpt":{"rendered":"<p>Nat\u00fcrlicher, Maulbeersirup, Konzentrat<\/p>\n","protected":false},"featured_media":17897,"template":"","meta":[],"product_brand":[],"product_cat":[2279],"product_tag":[],"class_list":{"0":"post-18136","1":"product","2":"type-product","3":"status-publish","4":"has-post-thumbnail","6":"product_cat-saisonale-angebote","8":"first","9":"outofstock","10":"taxable","11":"shipping-taxable","12":"purchasable","13":"product-type-simple"},"_links":{"self":[{"href":"https:\/\/alepposhop.eu\/de\/wp-json\/wp\/v2\/product\/18136"}],"collection":[{"href":"https:\/\/alepposhop.eu\/de\/wp-json\/wp\/v2\/product"}],"about":[{"href":"https:\/\/alepposhop.eu\/de\/wp-json\/wp\/v2\/types\/product"}],"wp:featuredmedia":[{"embeddable":true,"href":"https:\/\/alepposhop.eu\/de\/wp-json\/wp\/v2\/media\/17897"}],"wp:attachment":[{"href":"https:\/\/alepposhop.eu\/de\/wp-json\/wp\/v2\/media?parent=18136"}],"wp:term":[{"taxonomy":"product_brand","embeddable":true,"href":"https:\/\/alepposhop.eu\/de\/wp-json\/wp\/v2\/product_brand?post=18136"},{"taxonomy":"product_cat","embeddable":true,"href":"https:\/\/alepposhop.eu\/de\/wp-json\/wp\/v2\/product_cat?post=18136"},{"taxonomy":"product_tag","embeddable":true,"href":"https:\/\/alepposhop.eu\/de\/wp-json\/wp\/v2\/product_tag?post=18136"}],"curies":[{"name":"wp","href":"https:\/\/api.w.org\/{rel}","templated":true}]}}