{"id":18144,"date":"2022-03-30T03:42:22","date_gmt":"2022-03-30T01:55:06","guid":{"rendered":"https:\/\/alepposhop.eu\/tamarind-natuerlich\/"},"modified":"2022-04-08T01:00:12","modified_gmt":"2022-04-07T23:00:12","slug":"tamarind-natuerlich","status":"publish","type":"product","link":"https:\/\/alepposhop.eu\/de\/tamarind-natuerlich\/","title":{"rendered":"Tamarind (nat\u00fcrlich)"},"content":{"rendered":"<p style=\"text-align: center;\">Tamarind Sirup ist ein erfrischendes und n\u00fctzliches Getr\u00e4nk mit einem k\u00f6stlichen und sehr erfrischenden Geschmack und h\u00e4lt Durst, 100% nat\u00fcrlich<\/p>\n<h2 style=\"text-align: center;\">Sirup, Saft, Tamarind<\/h2>\n<h1 style=\"text-align: center;\">Getr\u00e4nke und S\u00e4fte<\/h1>\n<p style=\"text-align: center;\">Tamarinde<\/p>\n<p style=\"text-align: center;\">Shiban<\/p>\n<p style=\"text-align: center;\">Tamarinde<\/p>\n<p style=\"text-align: center;\">\n","protected":false},"excerpt":{"rendered":"<p>Sirup, Saft, Tamarind<\/p>\n","protected":false},"featured_media":17905,"template":"","meta":[],"product_brand":[],"product_cat":[74],"product_tag":[],"class_list":{"0":"post-18144","1":"product","2":"type-product","3":"status-publish","4":"has-post-thumbnail","6":"product_cat-getranke-und-safte","8":"first","9":"outofstock","10":"taxable","11":"shipping-taxable","12":"purchasable","13":"product-type-simple"},"_links":{"self":[{"href":"https:\/\/alepposhop.eu\/de\/wp-json\/wp\/v2\/product\/18144"}],"collection":[{"href":"https:\/\/alepposhop.eu\/de\/wp-json\/wp\/v2\/product"}],"about":[{"href":"https:\/\/alepposhop.eu\/de\/wp-json\/wp\/v2\/types\/product"}],"wp:featuredmedia":[{"embeddable":true,"href":"https:\/\/alepposhop.eu\/de\/wp-json\/wp\/v2\/media\/17905"}],"wp:attachment":[{"href":"https:\/\/alepposhop.eu\/de\/wp-json\/wp\/v2\/media?parent=18144"}],"wp:term":[{"taxonomy":"product_brand","embeddable":true,"href":"https:\/\/alepposhop.eu\/de\/wp-json\/wp\/v2\/product_brand?post=18144"},{"taxonomy":"product_cat","embeddable":true,"href":"https:\/\/alepposhop.eu\/de\/wp-json\/wp\/v2\/product_cat?post=18144"},{"taxonomy":"product_tag","embeddable":true,"href":"https:\/\/alepposhop.eu\/de\/wp-json\/wp\/v2\/product_tag?post=18144"}],"curies":[{"name":"wp","href":"https:\/\/api.w.org\/{rel}","templated":true}]}}