{"id":18169,"date":"2022-03-30T03:43:04","date_gmt":"2022-03-30T01:55:41","guid":{"rendered":"https:\/\/alepposhop.eu\/alerel-vegetarian-ghee-1000g\/"},"modified":"2025-02-15T00:07:37","modified_gmt":"2025-02-14T23:07:37","slug":"alerel-vegetarian-ghee-1000g","status":"publish","type":"product","link":"https:\/\/alepposhop.eu\/de\/alerel-vegetarian-ghee-1000g\/","title":{"rendered":"Alaseel Vegetarian Ghee 1000g"},"content":{"rendered":"<p style=\"text-align: center\">Gewicht: 500 g<\/p>\n<p style=\"text-align: center\">Pflanzliches Ghee f\u00fcr vielf\u00e4ltige Verwendungsm\u00f6glichkeiten in der K\u00fcche und in S\u00fc\u00dfwaren, mit authentischem Geschmack<\/p>\n<p style=\"text-align: center\">\n","protected":false},"excerpt":{"rendered":"<p>Ghee, Vegetarier, Aseel<\/p>\n","protected":false},"featured_media":17930,"template":"","meta":[],"product_brand":[],"product_cat":[2355],"product_tag":[],"class_list":{"0":"post-18169","1":"product","2":"type-product","3":"status-publish","4":"has-post-thumbnail","6":"product_cat-konserven","8":"first","9":"instock","10":"taxable","11":"shipping-taxable","12":"purchasable","13":"product-type-simple"},"_links":{"self":[{"href":"https:\/\/alepposhop.eu\/de\/wp-json\/wp\/v2\/product\/18169"}],"collection":[{"href":"https:\/\/alepposhop.eu\/de\/wp-json\/wp\/v2\/product"}],"about":[{"href":"https:\/\/alepposhop.eu\/de\/wp-json\/wp\/v2\/types\/product"}],"wp:featuredmedia":[{"embeddable":true,"href":"https:\/\/alepposhop.eu\/de\/wp-json\/wp\/v2\/media\/17930"}],"wp:attachment":[{"href":"https:\/\/alepposhop.eu\/de\/wp-json\/wp\/v2\/media?parent=18169"}],"wp:term":[{"taxonomy":"product_brand","embeddable":true,"href":"https:\/\/alepposhop.eu\/de\/wp-json\/wp\/v2\/product_brand?post=18169"},{"taxonomy":"product_cat","embeddable":true,"href":"https:\/\/alepposhop.eu\/de\/wp-json\/wp\/v2\/product_cat?post=18169"},{"taxonomy":"product_tag","embeddable":true,"href":"https:\/\/alepposhop.eu\/de\/wp-json\/wp\/v2\/product_tag?post=18169"}],"curies":[{"name":"wp","href":"https:\/\/api.w.org\/{rel}","templated":true}]}}