{"id":18173,"date":"2022-03-30T03:43:37","date_gmt":"2022-03-30T01:56:06","guid":{"rendered":"https:\/\/alepposhop.eu\/alerel-vegetarischer-ghee-500g\/"},"modified":"2025-02-14T23:49:32","modified_gmt":"2025-02-14T22:49:32","slug":"alerel-vegetarischer-ghee-500g","status":"publish","type":"product","link":"https:\/\/alepposhop.eu\/de\/alerel-vegetarischer-ghee-500g\/","title":{"rendered":"Alerel vegetarischer Ghee 500g"},"content":{"rendered":"<p style=\"text-align: center\">Gewicht: 500 g<\/p>\n<p style=\"text-align: center\">Pflanzliches Ghee f\u00fcr vielf\u00e4ltige Verwendungsm\u00f6glichkeiten in der K\u00fcche und in S\u00fc\u00dfwaren, mit authentischem Geschmack<\/p>\n<p style=\"text-align: center\">\n","protected":false},"excerpt":{"rendered":"<p>Ghee, Vegetarier, Aseel<\/p>\n","protected":false},"featured_media":17934,"template":"","meta":[],"product_brand":[],"product_cat":[2355],"product_tag":[],"class_list":{"0":"post-18173","1":"product","2":"type-product","3":"status-publish","4":"has-post-thumbnail","6":"product_cat-konserven","8":"first","9":"instock","10":"taxable","11":"shipping-taxable","12":"purchasable","13":"product-type-simple"},"_links":{"self":[{"href":"https:\/\/alepposhop.eu\/de\/wp-json\/wp\/v2\/product\/18173"}],"collection":[{"href":"https:\/\/alepposhop.eu\/de\/wp-json\/wp\/v2\/product"}],"about":[{"href":"https:\/\/alepposhop.eu\/de\/wp-json\/wp\/v2\/types\/product"}],"wp:featuredmedia":[{"embeddable":true,"href":"https:\/\/alepposhop.eu\/de\/wp-json\/wp\/v2\/media\/17934"}],"wp:attachment":[{"href":"https:\/\/alepposhop.eu\/de\/wp-json\/wp\/v2\/media?parent=18173"}],"wp:term":[{"taxonomy":"product_brand","embeddable":true,"href":"https:\/\/alepposhop.eu\/de\/wp-json\/wp\/v2\/product_brand?post=18173"},{"taxonomy":"product_cat","embeddable":true,"href":"https:\/\/alepposhop.eu\/de\/wp-json\/wp\/v2\/product_cat?post=18173"},{"taxonomy":"product_tag","embeddable":true,"href":"https:\/\/alepposhop.eu\/de\/wp-json\/wp\/v2\/product_tag?post=18173"}],"curies":[{"name":"wp","href":"https:\/\/api.w.org\/{rel}","templated":true}]}}