{"id":18472,"date":"2022-04-07T15:54:28","date_gmt":"2022-04-07T14:09:43","guid":{"rendered":"https:\/\/alepposhop.eu\/mahashi-iftar\/"},"modified":"2022-04-21T00:00:08","modified_gmt":"2022-04-20T22:00:08","slug":"mahashi-iftar","status":"publish","type":"product","link":"https:\/\/alepposhop.eu\/de\/mahashi-iftar\/","title":{"rendered":"Mahashi Iftar."},"content":{"rendered":"<p style=\"text-align: center;\">Auberginen 175 g, Zucchini 175 g und K\u00fcrbis 175 g Beutel aller Art mit Fleisch und Nutzung, einfacher f\u00fcr das speiste Fr\u00fchst\u00fcck in Ramadan<\/p>\n<h2 style=\"text-align: center;\">Auberginen, Zucchini, K\u00fcrbis, Iftar, Ramadan<\/h2>\n<h1 style=\"text-align: center;\">W\u00f6chentliche Angebote<\/h1>\n<p style=\"text-align: center;\">W\u00f6chentliche Angebote<\/p>\n<p style=\"text-align: center;\">Aleppo shop<\/p>\n<p style=\"text-align: center;\">Auberginen 175 g, Zucchini 175 g und K\u00fcrbis 175 g Beutel aller Art mit Fleisch und Nutzung, einfacher f\u00fcr das speiste Fr\u00fchst\u00fcck in Ramadan<\/p>\n<p style=\"text-align: center;\">\n","protected":false},"excerpt":{"rendered":"<p>Auberginen, Zucchini, K\u00fcrbis, Iftar, Ramadan<\/p>\n","protected":false},"featured_media":18427,"template":"","meta":[],"product_brand":[],"product_cat":[2280],"product_tag":[],"class_list":{"0":"post-18472","1":"product","2":"type-product","3":"status-publish","4":"has-post-thumbnail","6":"product_cat-wochentliche-angebote","8":"first","9":"outofstock","10":"taxable","11":"shipping-taxable","12":"purchasable","13":"product-type-simple"},"_links":{"self":[{"href":"https:\/\/alepposhop.eu\/de\/wp-json\/wp\/v2\/product\/18472"}],"collection":[{"href":"https:\/\/alepposhop.eu\/de\/wp-json\/wp\/v2\/product"}],"about":[{"href":"https:\/\/alepposhop.eu\/de\/wp-json\/wp\/v2\/types\/product"}],"wp:featuredmedia":[{"embeddable":true,"href":"https:\/\/alepposhop.eu\/de\/wp-json\/wp\/v2\/media\/18427"}],"wp:attachment":[{"href":"https:\/\/alepposhop.eu\/de\/wp-json\/wp\/v2\/media?parent=18472"}],"wp:term":[{"taxonomy":"product_brand","embeddable":true,"href":"https:\/\/alepposhop.eu\/de\/wp-json\/wp\/v2\/product_brand?post=18472"},{"taxonomy":"product_cat","embeddable":true,"href":"https:\/\/alepposhop.eu\/de\/wp-json\/wp\/v2\/product_cat?post=18472"},{"taxonomy":"product_tag","embeddable":true,"href":"https:\/\/alepposhop.eu\/de\/wp-json\/wp\/v2\/product_tag?post=18472"}],"curies":[{"name":"wp","href":"https:\/\/api.w.org\/{rel}","templated":true}]}}