{"id":19271,"date":"2022-04-23T04:08:55","date_gmt":"2022-04-23T02:38:59","guid":{"rendered":"https:\/\/alepposhop.eu\/al-emlaq-super-gel\/"},"modified":"2024-06-02T19:40:00","modified_gmt":"2024-06-02T17:40:00","slug":"al-emlaq-super-gel","status":"publish","type":"product","link":"https:\/\/alepposhop.eu\/de\/al-emlaq-super-gel\/","title":{"rendered":"Al Emlaq Super Gel"},"content":{"rendered":"<p style=\"text-align: center\">Dieses Mehrzweckgel ist eine ideale L\u00f6sung f\u00fcr die effektive und einfache Reinigung verschiedener Oberfl\u00e4chen.<\/p>\n<p style=\"text-align: center\">Mit einer leistungsstarken und effektiven Formel kann es zum Reinigen von B\u00f6den, K\u00fcchen, Badezimmern, Glas, M\u00f6beln und mehr verwendet werden.<\/p>\n<p style=\"text-align: center\">Entfernt schnell Schmutz, Fett und Flecken, ohne R\u00fcckst\u00e4nde oder Spuren zu hinterlassen.<\/p>\n<p style=\"text-align: center\">Au\u00dferdem hat es einen erfrischenden Duft, der den Raum nach der Reinigung angenehm duften l\u00e4sst.<\/p>\n","protected":false},"excerpt":{"rendered":"<p>Gel, Reiniger, Riese, Reinigung<\/p>\n","protected":false},"featured_media":18722,"template":"","meta":[],"product_brand":[],"product_cat":[77,80],"product_tag":[],"class_list":{"0":"post-19271","1":"product","2":"type-product","3":"status-publish","4":"has-post-thumbnail","6":"product_cat-kuchenwerkzeuge-und-zubehor","7":"product_cat-hauswerkzeuge-und-zubehor","9":"first","10":"instock","11":"taxable","12":"shipping-taxable","13":"purchasable","14":"product-type-simple"},"_links":{"self":[{"href":"https:\/\/alepposhop.eu\/de\/wp-json\/wp\/v2\/product\/19271"}],"collection":[{"href":"https:\/\/alepposhop.eu\/de\/wp-json\/wp\/v2\/product"}],"about":[{"href":"https:\/\/alepposhop.eu\/de\/wp-json\/wp\/v2\/types\/product"}],"wp:featuredmedia":[{"embeddable":true,"href":"https:\/\/alepposhop.eu\/de\/wp-json\/wp\/v2\/media\/18722"}],"wp:attachment":[{"href":"https:\/\/alepposhop.eu\/de\/wp-json\/wp\/v2\/media?parent=19271"}],"wp:term":[{"taxonomy":"product_brand","embeddable":true,"href":"https:\/\/alepposhop.eu\/de\/wp-json\/wp\/v2\/product_brand?post=19271"},{"taxonomy":"product_cat","embeddable":true,"href":"https:\/\/alepposhop.eu\/de\/wp-json\/wp\/v2\/product_cat?post=19271"},{"taxonomy":"product_tag","embeddable":true,"href":"https:\/\/alepposhop.eu\/de\/wp-json\/wp\/v2\/product_tag?post=19271"}],"curies":[{"name":"wp","href":"https:\/\/api.w.org\/{rel}","templated":true}]}}