{"id":19283,"date":"2022-04-23T04:08:55","date_gmt":"2022-04-23T02:38:59","guid":{"rendered":"https:\/\/alepposhop.eu\/zusaetzliche-nuesse-mischen-geraeuchert\/"},"modified":"2025-02-01T15:56:44","modified_gmt":"2025-02-01T14:56:44","slug":"zusaetzliche-nuesse-mischen-geraeuchert","status":"publish","type":"product","link":"https:\/\/alepposhop.eu\/de\/zusaetzliche-nuesse-mischen-geraeuchert\/","title":{"rendered":"Zus\u00e4tzliche N\u00fcsse mischen (ger\u00e4uchert)"},"content":{"rendered":"<p style=\"text-align: center\">Gewicht: 250 g<\/p>\n<p style=\"text-align: center\">Eine Mischung aus ger\u00e4ucherten N\u00fcssen, perfekt f\u00fcr Partys und Abendveranstaltungen und mit einem unverwechselbaren Geschmack durch das Raucharoma.<\/p>\n","protected":false},"excerpt":{"rendered":"<p>N\u00fcsse, extra, gesalzen, snack, mischen, ger\u00e4uchert<\/p>\n","protected":false},"featured_media":32782,"template":"","meta":[],"product_brand":[],"product_cat":[71],"product_tag":[],"class_list":{"0":"post-19283","1":"product","2":"type-product","3":"status-publish","4":"has-post-thumbnail","6":"product_cat-nusse-und-samen","8":"first","9":"instock","10":"taxable","11":"shipping-taxable","12":"purchasable","13":"product-type-simple"},"_links":{"self":[{"href":"https:\/\/alepposhop.eu\/de\/wp-json\/wp\/v2\/product\/19283"}],"collection":[{"href":"https:\/\/alepposhop.eu\/de\/wp-json\/wp\/v2\/product"}],"about":[{"href":"https:\/\/alepposhop.eu\/de\/wp-json\/wp\/v2\/types\/product"}],"wp:featuredmedia":[{"embeddable":true,"href":"https:\/\/alepposhop.eu\/de\/wp-json\/wp\/v2\/media\/32782"}],"wp:attachment":[{"href":"https:\/\/alepposhop.eu\/de\/wp-json\/wp\/v2\/media?parent=19283"}],"wp:term":[{"taxonomy":"product_brand","embeddable":true,"href":"https:\/\/alepposhop.eu\/de\/wp-json\/wp\/v2\/product_brand?post=19283"},{"taxonomy":"product_cat","embeddable":true,"href":"https:\/\/alepposhop.eu\/de\/wp-json\/wp\/v2\/product_cat?post=19283"},{"taxonomy":"product_tag","embeddable":true,"href":"https:\/\/alepposhop.eu\/de\/wp-json\/wp\/v2\/product_tag?post=19283"}],"curies":[{"name":"wp","href":"https:\/\/api.w.org\/{rel}","templated":true}]}}