{"id":19291,"date":"2022-04-23T04:09:26","date_gmt":"2022-04-23T02:39:34","guid":{"rendered":"https:\/\/alepposhop.eu\/geraeucherte-nuesse-mischen\/"},"modified":"2025-02-01T15:27:31","modified_gmt":"2025-02-01T14:27:31","slug":"geraeucherte-nuesse-mischen","status":"publish","type":"product","link":"https:\/\/alepposhop.eu\/de\/geraeucherte-nuesse-mischen\/","title":{"rendered":"Ger\u00e4ucherte N\u00fcssemischung"},"content":{"rendered":"<p style=\"text-align: center\">Gewicht: 250 g<\/p>\n<p style=\"text-align: center\">Eine Mischung aus ger\u00e4ucherten N\u00fcssen, perfekt f\u00fcr Partys und Abendveranstaltungen und mit einem unverwechselbaren Geschmack durch das Raucharoma.<\/p>\n","protected":false},"excerpt":{"rendered":"<p>N\u00fcsse, Mischung, gesalzen, snack, mischen, ger\u00e4uchert<\/p>\n","protected":false},"featured_media":32776,"template":"","meta":[],"product_brand":[],"product_cat":[71],"product_tag":[],"class_list":{"0":"post-19291","1":"product","2":"type-product","3":"status-publish","4":"has-post-thumbnail","6":"product_cat-nusse-und-samen","8":"first","9":"instock","10":"taxable","11":"shipping-taxable","12":"purchasable","13":"product-type-simple"},"_links":{"self":[{"href":"https:\/\/alepposhop.eu\/de\/wp-json\/wp\/v2\/product\/19291"}],"collection":[{"href":"https:\/\/alepposhop.eu\/de\/wp-json\/wp\/v2\/product"}],"about":[{"href":"https:\/\/alepposhop.eu\/de\/wp-json\/wp\/v2\/types\/product"}],"wp:featuredmedia":[{"embeddable":true,"href":"https:\/\/alepposhop.eu\/de\/wp-json\/wp\/v2\/media\/32776"}],"wp:attachment":[{"href":"https:\/\/alepposhop.eu\/de\/wp-json\/wp\/v2\/media?parent=19291"}],"wp:term":[{"taxonomy":"product_brand","embeddable":true,"href":"https:\/\/alepposhop.eu\/de\/wp-json\/wp\/v2\/product_brand?post=19291"},{"taxonomy":"product_cat","embeddable":true,"href":"https:\/\/alepposhop.eu\/de\/wp-json\/wp\/v2\/product_cat?post=19291"},{"taxonomy":"product_tag","embeddable":true,"href":"https:\/\/alepposhop.eu\/de\/wp-json\/wp\/v2\/product_tag?post=19291"}],"curies":[{"name":"wp","href":"https:\/\/api.w.org\/{rel}","templated":true}]}}