{"id":19295,"date":"2022-04-23T04:09:26","date_gmt":"2022-04-23T02:39:34","guid":{"rendered":"https:\/\/alepposhop.eu\/tefal-trails-setzen-3-tabletts\/"},"modified":"2022-04-23T04:39:40","modified_gmt":"2022-04-23T02:39:40","slug":"tefal-trails-setzen-3-tabletts","status":"publish","type":"product","link":"https:\/\/alepposhop.eu\/de\/tefal-trails-setzen-3-tabletts\/","title":{"rendered":"Tefal Trails setzen 3 Tabletts"},"content":{"rendered":"<p style=\"text-align: center;\">Eine Reihe von drei Tefal-Ofenschalen unterschiedlicher Gr\u00f6\u00dfen, die sehr praktisch f\u00fcr die Zubereitung k\u00f6stlicher und leckerer Mahlzeiten, Nicht-Stick.<\/p>\n<h2 style=\"text-align: center;\">Tabletts, Tefal, Ofenschalen, Tablett, Schale,<\/h2>\n<h2 style=\"text-align: center;\">K\u00fcchenwerkzeuge und Zubeh\u00f6r<\/h2>\n<p style=\"text-align: center;\">Tablettset<\/p>\n<p style=\"text-align: center;\">Or -Zil<\/p>\n<p style=\"text-align: center;\">3 St\u00fccke Tigalschalen<\/p>\n<p style=\"text-align: center;\">\n","protected":false},"excerpt":{"rendered":"<p>Tabletts, Tefal, Ofenschalen, Tablett, Schale,<\/p>\n","protected":false},"featured_media":18746,"template":"","meta":[],"product_brand":[],"product_cat":[77],"product_tag":[],"class_list":{"0":"post-19295","1":"product","2":"type-product","3":"status-publish","4":"has-post-thumbnail","6":"product_cat-kuchenwerkzeuge-und-zubehor","8":"first","9":"outofstock","10":"taxable","11":"shipping-taxable","12":"purchasable","13":"product-type-simple"},"_links":{"self":[{"href":"https:\/\/alepposhop.eu\/de\/wp-json\/wp\/v2\/product\/19295"}],"collection":[{"href":"https:\/\/alepposhop.eu\/de\/wp-json\/wp\/v2\/product"}],"about":[{"href":"https:\/\/alepposhop.eu\/de\/wp-json\/wp\/v2\/types\/product"}],"wp:featuredmedia":[{"embeddable":true,"href":"https:\/\/alepposhop.eu\/de\/wp-json\/wp\/v2\/media\/18746"}],"wp:attachment":[{"href":"https:\/\/alepposhop.eu\/de\/wp-json\/wp\/v2\/media?parent=19295"}],"wp:term":[{"taxonomy":"product_brand","embeddable":true,"href":"https:\/\/alepposhop.eu\/de\/wp-json\/wp\/v2\/product_brand?post=19295"},{"taxonomy":"product_cat","embeddable":true,"href":"https:\/\/alepposhop.eu\/de\/wp-json\/wp\/v2\/product_cat?post=19295"},{"taxonomy":"product_tag","embeddable":true,"href":"https:\/\/alepposhop.eu\/de\/wp-json\/wp\/v2\/product_tag?post=19295"}],"curies":[{"name":"wp","href":"https:\/\/api.w.org\/{rel}","templated":true}]}}